{"id":4118,"date":"2025-05-05T17:22:49","date_gmt":"2025-05-05T17:22:49","guid":{"rendered":"https:\/\/viajesanitadubai.com\/?post_type=product&#038;p=4118"},"modified":"2025-05-05T17:31:04","modified_gmt":"2025-05-05T17:31:04","slug":"qatar-and-dubai","status":"publish","type":"product","link":"https:\/\/viajesanitadubai.com\/es\/producto\/qatar-and-dubai\/","title":{"rendered":"Qatar y Dub\u00e1i"},"content":{"rendered":"<p><strong>Qatar y Dub\u00e1i<\/strong>: <strong>Lujo inigualable<\/strong><\/p>\n<p>Experimente la aventura \u00fanica de Catar y Dub\u00e1i: Lujo inigualable, donde el lujo y la cultura se fusionan. Catar y Dub\u00e1i: Lujo inigualable.<br \/>\n<strong>Noviembre<br \/>\n<\/strong>Precio por persona en Habitaci\u00f3n Doble: $1,839.00<\/p>\n<p><strong><br \/>\nEl paquete incluye:<\/strong><\/p>\n<p><strong><br \/>\nKatar<\/strong><\/p>\n<ul>\n<li>Servicios generales: Visita guiada en autob\u00fas en espa\u00f1ol, hotel y desayuno buffet.<\/li>\n<li>Traslado de llegada incluido.<\/li>\n<li>Traslado de salida incluido.<\/li>\n<li>Visita panor\u00e1mica en Doha.<\/li>\n<li>Excursi\u00f3n: Safari por el desierto en 4\u00d74.<\/li>\n<li>Precios de entrada: Corniche, Katara, La Perla, West Bay, Souq Waqif, Museo de Arte Isl\u00e1mico, Museo Nacional de Qatar.<\/li>\n<\/ul>\n<p><strong><br \/>\nDub\u00e1i<\/strong><\/p>\n<ul>\n<li>Traslados privados aeropuerto\/hotel\/aeropuerto.<\/li>\n<li>4 noches de alojamiento en un hotel 4* en Dubai.<\/li>\n<li>Desayuno diario incluido.<\/li>\n<li>Recorrido de medio d\u00eda por la ciudad de Dub\u00e1i, servicio compartido con gu\u00eda de habla hispana (opera s\u00e1bados, lunes y mi\u00e9rcoles).<\/li>\n<li>Tour de d\u00eda completo a Abu Dhabi con almuerzo, servicio compartido, con gu\u00eda de habla hispana (opera s\u00e1bados,<\/li>\n<li>Martes y jueves).<\/li>\n<li>Safari por el desierto en veh\u00edculos 4\u00d74 compartidos (6 personas por veh\u00edculo) + cena barbacoa con conductor de habla inglesa (t\u00e9, caf\u00e9, agua y refrescos incluidos).<\/li>\n<li>Visa de los EAU (depende de la nacionalidad).<\/li>\n<\/ul>\n<p>&nbsp;<\/p>\n<p><strong>No incluido:<\/strong><\/p>\n<ul>\n<li>Cualquier servicio no mencionado en el itinerario.<\/li>\n<li>Comidas y bebidas no mencionadas en el programa.<\/li>\n<li>Vuelos internacionales.<\/li>\n<li>Gastos personales (compras, cenas, bebidas, etc.).<\/li>\n<li>Tarifas de visa (si corresponde).<\/li>\n<li>Propinas para el gu\u00eda y el conductor. Se recomienda un m\u00ednimo de USD 3.00 por persona y d\u00eda para el gu\u00eda y la mitad para el conductor.<\/li>\n<li>Seguro de viaje.<\/li>\n<\/ul>\n<p><strong><br \/>\nNotas importantes:<\/strong><\/p>\n<ul>\n<li>Tarifas sujetas a cambio y disponibilidad sin previo aviso.<\/li>\n<li>El pasaporte debe ser v\u00e1lido por al menos 6 meses a partir de la fecha del viaje.<\/li>\n<li>Tarifas no reembolsables \/ no transferibles \/ no endosables.<\/li>\n<li>Se aplica penalizaci\u00f3n por cambios despu\u00e9s de la reserva.<\/li>\n<li>No v\u00e1lido durante A\u00f1o Nuevo ni festividades religiosas.<\/li>\n<li>El orden del itinerario puede cambiar sin afectar las actividades.<\/li>\n<li>El alojamiento en habitaci\u00f3n triple incluir\u00e1 una cama port\u00e1til adicional, ya que los hoteles generalmente no ofrecen habitaciones con tres camas dobles.<\/li>\n<\/ul>\n<p>&nbsp;<\/p>\n<p>Experimente la aventura \u00fanica de Catar y Dub\u00e1i: Lujo inigualable, donde el lujo y la cultura se fusionan. Catar y Dub\u00e1i: Lujo inigualable.<\/p>","protected":false},"excerpt":{"rendered":"<p>Qatar and Dubai: Unmatched Luxury Experience the unique adventure of Qatar and Dubai: Unmatched Luxury, where luxury and culture blend together. Qatar and Dubai: Unmatched Luxury. November Price per person in Double Room: $1,839.00 Package Includes: Qatar General services: Guided coach tour in Spanish, hotel, and buffet breakfast. Arrival transfer included. Departure transfer included. Panoramic [&hellip;]<\/p>\n","protected":false},"featured_media":4119,"template":"","meta":{"_acf_changed":false,"inline_featured_image":false},"product_brand":[],"product_cat":[320,325],"product_tag":[],"class_list":{"0":"post-4118","1":"product","2":"type-product","3":"status-publish","4":"has-post-thumbnail","6":"product_cat-all-category","7":"product_cat-dubai","9":"first","10":"instock","11":"virtual","12":"purchasable","13":"product-type-simple"},"acf":[],"_links":{"self":[{"href":"https:\/\/viajesanitadubai.com\/es\/wp-json\/wp\/v2\/product\/4118","targetHints":{"allow":["GET"]}}],"collection":[{"href":"https:\/\/viajesanitadubai.com\/es\/wp-json\/wp\/v2\/product"}],"about":[{"href":"https:\/\/viajesanitadubai.com\/es\/wp-json\/wp\/v2\/types\/product"}],"wp:featuredmedia":[{"embeddable":true,"href":"https:\/\/viajesanitadubai.com\/es\/wp-json\/wp\/v2\/media\/4119"}],"wp:attachment":[{"href":"https:\/\/viajesanitadubai.com\/es\/wp-json\/wp\/v2\/media?parent=4118"}],"wp:term":[{"taxonomy":"product_brand","embeddable":true,"href":"https:\/\/viajesanitadubai.com\/es\/wp-json\/wp\/v2\/product_brand?post=4118"},{"taxonomy":"product_cat","embeddable":true,"href":"https:\/\/viajesanitadubai.com\/es\/wp-json\/wp\/v2\/product_cat?post=4118"},{"taxonomy":"product_tag","embeddable":true,"href":"https:\/\/viajesanitadubai.com\/es\/wp-json\/wp\/v2\/product_tag?post=4118"}],"curies":[{"name":"wp","href":"https:\/\/api.w.org\/{rel}","templated":true}]}}