{"id":4116,"date":"2025-05-05T17:13:29","date_gmt":"2025-05-05T17:13:29","guid":{"rendered":"https:\/\/viajesanitadubai.com\/?post_type=product&#038;p=4116"},"modified":"2025-05-08T04:24:23","modified_gmt":"2025-05-08T04:24:23","slug":"dubai-combined-with-abu-dhabi","status":"publish","type":"product","link":"https:\/\/viajesanitadubai.com\/es\/producto\/dubai-combined-with-abu-dhabi\/","title":{"rendered":"Dub\u00e1i combinado con Abu Dabi"},"content":{"rendered":"<p>Dub\u00e1i y Abu Dabi: Lujo absoluto. Vive la aventura \u00fanica de Dub\u00e1i y Abu Dabi: Lujo absoluto, donde el glamour y la cultura se fusionan.<\/p>\n<p><strong>8 d\u00edas (5 noches en Dub\u00e1i + 2 noches en Abu Dabi)<\/strong><br \/>\n<strong>Precio por persona en Habitaci\u00f3n Doble: $1,339.00<\/strong><\/p>\n<p><strong><br \/>\nEl paquete incluye:<\/strong><\/p>\n<p>Traslados privados aeropuerto\/hotel\/aeropuerto.<br \/>\n5 noches de alojamiento en un hotel 4* en Dubai.<br \/>\n2 noches de alojamiento en hotel 4* en Abu Dhabi.<br \/>\nDesayuno diario incluido.<br \/>\nRecorrido de medio d\u00eda por la ciudad de Dub\u00e1i, servicio compartido con gu\u00eda de habla hispana (opera s\u00e1bados, lunes y mi\u00e9rcoles).<br \/>\nTour de d\u00eda completo a Abu Dhabi con almuerzo, servicio compartido, con gu\u00eda de habla hispana (opera s\u00e1bados, martes y jueves).<br \/>\nEntrada general a un parque de Yas Island (elige entre Ferrari World, Warner Bros o Sea World) con traslados y conductor que habla ingl\u00e9s.<br \/>\nSafari por el desierto en veh\u00edculos 4\u00d74 compartidos (6 personas por veh\u00edculo) + cena barbacoa con conductor de habla inglesa (t\u00e9, caf\u00e9, agua y refrescos incluidos).<br \/>\nVisa de los Emiratos \u00c1rabes Unidos.<\/p>\n<p><strong><br \/>\nNo incluido:<\/strong><\/p>\n<ul>\n<li>Gastos personales.<\/li>\n<li>Excursiones opcionales.<\/li>\n<li>Cualquier servicio no especificado.<\/li>\n<li>Propinas para conductor, gu\u00eda, porteador y representante, desde $25.00 por persona.<\/li>\n<li>Comidas y bebidas no especificadas.<\/li>\n<li>Tasa de Dirham Tur\u00edstico (USD 4,5 por noche, por habitaci\u00f3n en hoteles 4*), a pagar directamente por el cliente en el momento del check-in.<\/li>\n<\/ul>\n<p><strong><br \/>\nNotas importantes:<\/strong><\/p>\n<ul>\n<li>Tarifas sujetas a cambio y disponibilidad sin previo aviso.<\/li>\n<li>El pasaporte debe ser v\u00e1lido por al menos 6 meses a partir de la fecha del viaje.<\/li>\n<li>Tarifas no reembolsables \/ no transferibles \/ no endosables.<\/li>\n<li>Se aplica penalizaci\u00f3n por cambios despu\u00e9s de la reserva.<\/li>\n<li>El orden del itinerario puede cambiar sin afectar las actividades incluidas.<\/li>\n<li>No v\u00e1lido durante A\u00f1o Nuevo ni festividades religiosas.<\/li>\n<li>El alojamiento en habitaci\u00f3n triple incluye una cama port\u00e1til adicional, ya que los hoteles normalmente no ofrecen habitaciones con tres camas dobles.<\/li>\n<\/ul>\n<p><strong><br \/>\nDisfrute de Dubai y Abu Dhabi: Lujo Total, un viaje de lujo, cultura y paisajes impresionantes.<\/strong><\/p>","protected":false},"excerpt":{"rendered":"<p>Dubai and Abu Dhabi: Total Luxury\u2028Experience the unique adventure of Dubai and Abu Dhabi: Total Luxury, where glamour and culture unite. Dubai and Abu Dhabi: Total Luxury. 8 days (5 nights in Dubai + 2 nights in Abu Dhabi) Price per person in Double Room: $1,339.00 Package Includes: Private airport\/hotel\/airport transfers. 5 nights accommodation in [&hellip;]<\/p>\n","protected":false},"featured_media":4117,"template":"","meta":{"_acf_changed":false,"inline_featured_image":false},"product_brand":[],"product_cat":[320,325],"product_tag":[],"class_list":{"0":"post-4116","1":"product","2":"type-product","3":"status-publish","4":"has-post-thumbnail","6":"product_cat-all-category","7":"product_cat-dubai","9":"first","10":"instock","11":"virtual","12":"purchasable","13":"product-type-simple"},"acf":[],"_links":{"self":[{"href":"https:\/\/viajesanitadubai.com\/es\/wp-json\/wp\/v2\/product\/4116","targetHints":{"allow":["GET"]}}],"collection":[{"href":"https:\/\/viajesanitadubai.com\/es\/wp-json\/wp\/v2\/product"}],"about":[{"href":"https:\/\/viajesanitadubai.com\/es\/wp-json\/wp\/v2\/types\/product"}],"wp:featuredmedia":[{"embeddable":true,"href":"https:\/\/viajesanitadubai.com\/es\/wp-json\/wp\/v2\/media\/4117"}],"wp:attachment":[{"href":"https:\/\/viajesanitadubai.com\/es\/wp-json\/wp\/v2\/media?parent=4116"}],"wp:term":[{"taxonomy":"product_brand","embeddable":true,"href":"https:\/\/viajesanitadubai.com\/es\/wp-json\/wp\/v2\/product_brand?post=4116"},{"taxonomy":"product_cat","embeddable":true,"href":"https:\/\/viajesanitadubai.com\/es\/wp-json\/wp\/v2\/product_cat?post=4116"},{"taxonomy":"product_tag","embeddable":true,"href":"https:\/\/viajesanitadubai.com\/es\/wp-json\/wp\/v2\/product_tag?post=4116"}],"curies":[{"name":"wp","href":"https:\/\/api.w.org\/{rel}","templated":true}]}}