{"id":4114,"date":"2025-05-05T16:55:19","date_gmt":"2025-05-05T16:55:19","guid":{"rendered":"https:\/\/viajesanitadubai.com\/?post_type=product&#038;p=4114"},"modified":"2025-05-08T04:23:58","modified_gmt":"2025-05-08T04:23:58","slug":"morocco-dubai","status":"publish","type":"product","link":"https:\/\/viajesanitadubai.com\/es\/producto\/morocco-dubai\/","title":{"rendered":"Marruecos y Dub\u00e1i"},"content":{"rendered":"<p><strong>Encantos de Marruecos y Dub\u00e1i<\/strong>Vive una aventura m\u00e1gica con Encantos de Marruecos y Dub\u00e1i: cultura y lujo te esperan. Encantos de Marruecos y Dub\u00e1i.<\/p>\n<p><strong>13 d\u00edas \/ 12 noches<br \/>\n<\/strong><strong>Salidas todos los s\u00e1bados<br \/>\n<\/strong><strong>Precio por persona en habitaci\u00f3n doble: $1,847.00<\/strong><\/p>\n<p><strong><br \/>\nEl paquete incluye:<\/strong><\/p>\n<p><strong><br \/>\nMarruecos<\/strong><\/p>\n<ul>\n<li>Traslados de llegada y salida con asistencia de nuestro equipo.<\/li>\n<li>Alojamiento en media pensi\u00f3n en categor\u00eda de hotel seleccionada seg\u00fan el programa.<\/li>\n<li>Visitas seg\u00fan itinerario detallado.<\/li>\n<li>Transporte en veh\u00edculos de lujo climatizados y adaptados al n\u00famero de pasajeros.<\/li>\n<li>Gu\u00eda acompa\u00f1ante biling\u00fce durante todo el recorrido.<\/li>\n<li>Entradas a los sitios mencionados en el itinerario.<\/li>\n<li>Propinas para maleteros en hoteles.<\/li>\n<li>Impuestos e IVA.<\/li>\n<\/ul>\n<p><strong><br \/>\nDub\u00e1i<\/strong><\/p>\n<ul>\n<li>Traslados privados aeropuerto\/hotel\/aeropuerto.<\/li>\n<li>5 noches de alojamiento en un hotel de 4 estrellas en Dubai.<\/li>\n<li>Desayuno diario incluido.<\/li>\n<li>Recorrido de medio d\u00eda por la ciudad de Dub\u00e1i, en servicio compartido con gu\u00eda de habla hispana (opera s\u00e1bados,<\/li>\n<li>Lunes y mi\u00e9rcoles).<\/li>\n<li>Tour de d\u00eda completo a Abu Dhabi + almuerzo con gu\u00eda de habla espa\u00f1ola (opera s\u00e1bados, martes y jueves).<\/li>\n<li>Safari por el desierto en veh\u00edculos 4\u00d74 compartidos (6 personas por veh\u00edculo) + cena barbacoa con conductor de habla inglesa (t\u00e9, caf\u00e9, agua y refrescos incluidos).<\/li>\n<li>Visa de los EAU (dependiendo de la nacionalidad).<\/li>\n<\/ul>\n<p><strong><br \/>\nNo incluido:<\/strong><\/p>\n<ul>\n<li>Cualquier servicio no mencionado en el itinerario.<\/li>\n<li>Comidas y bebidas no mencionadas en el programa.<\/li>\n<li>Vuelos internacionales.<\/li>\n<li>Gastos personales (compras, cenas, bebidas, etc.).<\/li>\n<li>Tarifas de procesamiento de visa (si corresponde).<\/li>\n<li>Propinas para el gu\u00eda y el conductor. Recomendamos un m\u00ednimo de USD 3.00 por persona y d\u00eda para el gu\u00eda y la mitad para el conductor.<\/li>\n<\/ul>\n<p><strong><br \/>\nNotas importantes:<\/strong><\/p>\n<ul>\n<li>Tarifas sujetas a cambio y disponibilidad sin previo aviso.<\/li>\n<li>El pasaporte debe ser v\u00e1lido por al menos 6 meses a partir de la fecha del viaje.<\/li>\n<li>Tarifas no reembolsables \/ no transferibles \/ no endosables.<\/li>\n<li>Se aplica penalizaci\u00f3n por cambios despu\u00e9s de la reserva.<\/li>\n<li>No v\u00e1lido durante A\u00f1o Nuevo ni festividades religiosas.<\/li>\n<li>El orden del itinerario puede cambiar sin afectar las actividades incluidas.<\/li>\n<li>No v\u00e1lido durante d\u00edas festivos nacionales ni a\u00f1o nuevo.<\/li>\n<li>El alojamiento en habitaci\u00f3n triple incluye una cama port\u00e1til adicional; los hoteles generalmente no ofrecen habitaciones con tres camas dobles.<\/li>\n<\/ul>\n<p>Descubre los encantos de Marruecos y Dubai, un viaje lleno de cultura, lujo y paisajes inolvidables.<\/p>","protected":false},"excerpt":{"rendered":"<p>Charms of Morocco and Dubai\u2028Live a magical adventure with Charms of Morocco and Dubai \u2014 culture and luxury await. Charms of Morocco and Dubai. 13 Days \/ 12 Nights Departures every Saturday Price per person in double room: $1,847.00 Package Includes: Morocco Arrival and departure transfers with assistance from our team. Half-board accommodation in selected [&hellip;]<\/p>\n","protected":false},"featured_media":4115,"template":"","meta":{"_acf_changed":false,"inline_featured_image":false},"product_brand":[],"product_cat":[320,150],"product_tag":[],"class_list":{"0":"post-4114","1":"product","2":"type-product","3":"status-publish","4":"has-post-thumbnail","6":"product_cat-all-category","7":"product_cat-middle-east","9":"first","10":"instock","11":"virtual","12":"purchasable","13":"product-type-simple"},"acf":[],"_links":{"self":[{"href":"https:\/\/viajesanitadubai.com\/es\/wp-json\/wp\/v2\/product\/4114","targetHints":{"allow":["GET"]}}],"collection":[{"href":"https:\/\/viajesanitadubai.com\/es\/wp-json\/wp\/v2\/product"}],"about":[{"href":"https:\/\/viajesanitadubai.com\/es\/wp-json\/wp\/v2\/types\/product"}],"wp:featuredmedia":[{"embeddable":true,"href":"https:\/\/viajesanitadubai.com\/es\/wp-json\/wp\/v2\/media\/4115"}],"wp:attachment":[{"href":"https:\/\/viajesanitadubai.com\/es\/wp-json\/wp\/v2\/media?parent=4114"}],"wp:term":[{"taxonomy":"product_brand","embeddable":true,"href":"https:\/\/viajesanitadubai.com\/es\/wp-json\/wp\/v2\/product_brand?post=4114"},{"taxonomy":"product_cat","embeddable":true,"href":"https:\/\/viajesanitadubai.com\/es\/wp-json\/wp\/v2\/product_cat?post=4114"},{"taxonomy":"product_tag","embeddable":true,"href":"https:\/\/viajesanitadubai.com\/es\/wp-json\/wp\/v2\/product_tag?post=4114"}],"curies":[{"name":"wp","href":"https:\/\/api.w.org\/{rel}","templated":true}]}}