{"id":4112,"date":"2025-05-05T16:47:08","date_gmt":"2025-05-05T16:47:08","guid":{"rendered":"https:\/\/viajesanitadubai.com\/?post_type=product&#038;p=4112"},"modified":"2025-05-08T04:25:05","modified_gmt":"2025-05-08T04:25:05","slug":"wonders-of-istanbul-cappadocia-uzbekistan","status":"publish","type":"product","link":"https:\/\/viajesanitadubai.com\/es\/producto\/wonders-of-istanbul-cappadocia-uzbekistan\/","title":{"rendered":"Maravillas de Estambul, Capadocia y Uzbekist\u00e1n"},"content":{"rendered":"<p>Estambul, Capadocia y Uzbekist\u00e1n: Tesoros de Oriente. Un viaje lleno de historia y magia. Vive los Tesoros de Oriente. 14 d\u00edas \/ 13 noches.<br \/>\nSalidas los domingos<br \/>\n<strong>Precio por persona en base doble o triple: $2,955.00<\/strong><\/p>\n<p><strong>Incluye:<\/strong><\/p>\n<p><strong><br \/>\nTurqu\u00eda<\/strong><\/p>\n<ul>\n<li>4 noches de alojamiento con desayuno en Estambul, seg\u00fan categor\u00eda elegida.<\/li>\n<li>2 noches de alojamiento en Capadocia con media pensi\u00f3n.<\/li>\n<li>2 vuelos nacionales (Estambul \u2013 Capadocia \u2013 Estambul) con 15 kg de equipaje.<\/li>\n<li>Traslados de llegada y salida con asistencia en espa\u00f1ol.<\/li>\n<li>Excursi\u00f3n a Estambul (paseo en barco por el B\u00f3sforo \u2013 barrio de Balat).<\/li>\n<li>Gu\u00eda profesional de habla hispana durante el recorrido.<\/li>\n<li>Entradas y visitas seg\u00fan itinerario.<\/li>\n<li>Recogida en el aeropuerto de Estambul en la Puerta 8.<\/li>\n<\/ul>\n<p><strong><br \/>\nUzbekist\u00e1n<\/strong><\/p>\n<ul>\n<li>Alojamiento en habitaciones de hotel DBL\/TWN (7 noches).<\/li>\n<li>Impuestos tur\u00edsticos en hoteles.<\/li>\n<li>Check-in temprano a la llegada al pa\u00eds.<\/li>\n<li>Comidas: 7 desayunos, 6 almuerzos.<\/li>\n<li>T\u00e9 y agua durante las comidas.<\/li>\n<li>Servicios de transporte con aire acondicionado.<\/li>\n<li>Entradas a museos, monumentos y sitios hist\u00f3ricos.<\/li>\n<li>Toques especiales durante el recorrido:<br \/>\n\u201cHappy Hour\u201d (t\u00e9\/caf\u00e9) en Bukhara.<br \/>\n\u201cPlaza de Regist\u00e1n de noche\u201d.<\/li>\n<li>Gu\u00eda de habla hispana para todas las excursiones.<\/li>\n<li>Vuelo dom\u00e9stico Tashkent\u2013Urgench (clase Y).<\/li>\n<li>Tren nacional Samarcanda\u2013Tashkent (clase econ\u00f3mica).<\/li>\n<li>Map of Uzbekistan.<\/li>\n<\/ul>\n<p><strong><br \/>\nNo incluido:<\/strong><\/p>\n<p><strong><br \/>\nTurqu\u00eda<\/strong><\/p>\n<ul>\n<li>Pasaje a\u00e9reo internacional.<\/li>\n<li>Excursiones opcionales.<\/li>\n<li>Gastos personales.<\/li>\n<li>Tarifa de servicio y propinas para porteadores, gu\u00eda y conductor (aproximadamente $ 55 por persona).<\/li>\n<li>Cualquier otro servicio no mencionado como incluido.<\/li>\n<\/ul>\n<p><strong><br \/>\nUzbekist\u00e1n<\/strong><\/p>\n<ul>\n<li>Propina obligatoria (+45 EUR por persona para toda la estancia).<\/li>\n<li>Proceso y tarifa de emisi\u00f3n de visa.<\/li>\n<li>El check-in temprano o el check-out tard\u00edo no est\u00e1n mencionados como incluidos.<\/li>\n<li>Bebidas.<\/li>\n<li>Tarifas por tomar fotograf\u00edas o v\u00eddeos en sitios hist\u00f3ricos.<\/li>\n<li>Gastos personales del turista o cualquier servicio no detallado en el itinerario.<\/li>\n<\/ul>\n<p><strong><br \/>\nNotas importantes:<\/strong><\/p>\n<ul>\n<li>El orden del itinerario puede cambiar sin previo aviso por disponibilidad de gu\u00edas o d\u00edas de cierre de monumentos, respetando siempre las visitas programadas.<\/li>\n<li>Las excursiones opcionales de los d\u00edas 2 y 3 podr\u00e1n reorganizarse.<br \/>\nD\u00edas de cierre: Domingos \u2013 Gran Bazar | Martes \u2013 Palacio de Topkapi.<br \/>\nSi el Gran Bazar est\u00e1 cerrado, se visitar\u00e1 en su lugar el Bazar de las Especias.<\/li>\n<li>Tarifas sujetas a cambio y disponibilidad sin previo aviso.<\/li>\n<li>El pasaporte debe ser v\u00e1lido por al menos 6 meses a partir de la fecha del viaje.<\/li>\n<li>Tarifas no reembolsables \/ no transferibles \/ no endosables.<\/li>\n<\/ul>\n<p>&nbsp;<\/p>\n<p>Estambul, Capadocia y Uzbekist\u00e1n: Tesoros de Oriente: experimente la historia, la cultura y paisajes impresionantes.<\/p>","protected":false},"excerpt":{"rendered":"<p>Istanbul, Cappadocia &amp; Uzbekistan: Treasures of the East\u2028A journey full of history and magic. Live the Treasures of the East.\u202814 Days \/ 13 Nights Departures on Sundays Price per person in double or triple: $2,955.00 Includes: Turkey 4 nights of accommodation with breakfast in Istanbul, according to chosen category. 2 nights of accommodation in Cappadocia [&hellip;]<\/p>\n","protected":false},"featured_media":4113,"template":"","meta":{"_acf_changed":false,"inline_featured_image":false},"product_brand":[],"product_cat":[320,150],"product_tag":[],"class_list":{"0":"post-4112","1":"product","2":"type-product","3":"status-publish","4":"has-post-thumbnail","6":"product_cat-all-category","7":"product_cat-middle-east","9":"first","10":"instock","11":"virtual","12":"purchasable","13":"product-type-simple"},"acf":[],"_links":{"self":[{"href":"https:\/\/viajesanitadubai.com\/es\/wp-json\/wp\/v2\/product\/4112","targetHints":{"allow":["GET"]}}],"collection":[{"href":"https:\/\/viajesanitadubai.com\/es\/wp-json\/wp\/v2\/product"}],"about":[{"href":"https:\/\/viajesanitadubai.com\/es\/wp-json\/wp\/v2\/types\/product"}],"wp:featuredmedia":[{"embeddable":true,"href":"https:\/\/viajesanitadubai.com\/es\/wp-json\/wp\/v2\/media\/4113"}],"wp:attachment":[{"href":"https:\/\/viajesanitadubai.com\/es\/wp-json\/wp\/v2\/media?parent=4112"}],"wp:term":[{"taxonomy":"product_brand","embeddable":true,"href":"https:\/\/viajesanitadubai.com\/es\/wp-json\/wp\/v2\/product_brand?post=4112"},{"taxonomy":"product_cat","embeddable":true,"href":"https:\/\/viajesanitadubai.com\/es\/wp-json\/wp\/v2\/product_cat?post=4112"},{"taxonomy":"product_tag","embeddable":true,"href":"https:\/\/viajesanitadubai.com\/es\/wp-json\/wp\/v2\/product_tag?post=4112"}],"curies":[{"name":"wp","href":"https:\/\/api.w.org\/{rel}","templated":true}]}}