{"id":4108,"date":"2025-05-05T16:13:34","date_gmt":"2025-05-05T16:13:34","guid":{"rendered":"https:\/\/viajesanitadubai.com\/?post_type=product&#038;p=4108"},"modified":"2025-05-05T16:13:53","modified_gmt":"2025-05-05T16:13:53","slug":"from-bangkok-to-chiang-mai-adventure","status":"publish","type":"product","link":"https:\/\/viajesanitadubai.com\/es\/producto\/from-bangkok-to-chiang-mai-adventure\/","title":{"rendered":"De Bangkok a Chiang Mai: Aventura"},"content":{"rendered":"<p>De Bangkok a Chiang Mai: una aventura llena de cultura, paisajes y sabores.<br \/>\nEn directo desde Bangkok hasta Chiang Mai: Aventura.<br \/>\n<strong>DE BANGKOK A CHIANG MAI<\/strong><br \/>\n<strong>8 D\u00cdAS \/ 7 NOCHES<\/strong><br \/>\nPaquete v\u00e1lido hasta el 31 de octubre de 2025<\/p>\n<p>Precio por persona en habitaci\u00f3n Doble o Triple: <strong>$2,529.00<\/strong><\/p>\n<p><strong><br \/>\nEl paquete incluye:<\/strong><\/p>\n<ul>\n<li>Hotel de 4 estrellas con desayuno<\/li>\n<li>Traslados aeropuerto-hotel-aeropuerto<\/li>\n<li>Todos los traslados en barco en las islas.<\/li>\n<li>Vuelo Bangkok-Chiang Rai<\/li>\n<li>Tarifas de entrada a todos los sitios visitados.<\/li>\n<li>Comidas como se menciona<\/li>\n<li>Gu\u00eda de habla hispana (D\u00edas 1 a 6; Ingl\u00e9s el d\u00eda 7)<\/li>\n<\/ul>\n<p><strong><br \/>\nNo incluido:<\/strong><\/p>\n<ul>\n<li>Cualquier servicio no mencionado en el itinerario<\/li>\n<li>Comidas y bebidas no incluidas en el programa<\/li>\n<li>Vuelos internacionales<\/li>\n<li>Gastos personales (compras, cenas, bebidas, etc.)<\/li>\n<li>Tarifas de visa (si corresponde)<\/li>\n<li>Propinas para el gu\u00eda y el conductor. Recomendamos un m\u00ednimo de USD 3.00 por persona y d\u00eda para el gu\u00eda y la mitad para el conductor.<\/li>\n<\/ul>\n<p><strong><br \/>\nNotas importantes:<\/strong><\/p>\n<ul>\n<li>Las tarifas est\u00e1n sujetas a cambios y disponibilidad sin previo aviso.<\/li>\n<li>El pasaporte debe ser v\u00e1lido por al menos 6 meses a partir de la fecha del viaje.<\/li>\n<li>Tarifas no reembolsables\/no transferibles\/no endosables<\/li>\n<li>Se aplica penalidad por cambios una vez adquirido el paquete.<\/li>\n<li>No v\u00e1lido durante festivos de fin de a\u00f1o ni festividades religiosas.<\/li>\n<li>El orden del itinerario puede cambiar sin afectar las actividades.<\/li>\n<li>El alojamiento triple incluye una cama port\u00e1til adicional; los hoteles normalmente no ofrecen habitaciones con tres camas dobles.<\/li>\n<\/ul>\n<p>De Bangkok a Chiang Mai: Una aventura cultural entre templos, naturaleza y sabores inolvidables de Tailandia.<\/p>","protected":false},"excerpt":{"rendered":"<p>From Bangkok to Chiang Mai: an adventure full of culture, landscapes, and flavors. Live From Bangkok to Chiang Mai: Adventure. BANGKOK TO CHIANG MAI 8 DAYS \/ 7 NIGHTS Package valid until October 31, 2025 Price per person in Double or Triple: $2,529.00 Package includes: 4-star hotel with breakfast Airport-hotel-airport transfers All boat transfers on [&hellip;]<\/p>\n","protected":false},"featured_media":4109,"template":"","meta":{"_acf_changed":false,"inline_featured_image":false},"product_brand":[],"product_cat":[320,16],"product_tag":[],"class_list":{"0":"post-4108","1":"product","2":"type-product","3":"status-publish","4":"has-post-thumbnail","6":"product_cat-all-category","7":"product_cat-asia","9":"first","10":"instock","11":"shipping-taxable","12":"purchasable","13":"product-type-simple"},"acf":[],"_links":{"self":[{"href":"https:\/\/viajesanitadubai.com\/es\/wp-json\/wp\/v2\/product\/4108","targetHints":{"allow":["GET"]}}],"collection":[{"href":"https:\/\/viajesanitadubai.com\/es\/wp-json\/wp\/v2\/product"}],"about":[{"href":"https:\/\/viajesanitadubai.com\/es\/wp-json\/wp\/v2\/types\/product"}],"wp:featuredmedia":[{"embeddable":true,"href":"https:\/\/viajesanitadubai.com\/es\/wp-json\/wp\/v2\/media\/4109"}],"wp:attachment":[{"href":"https:\/\/viajesanitadubai.com\/es\/wp-json\/wp\/v2\/media?parent=4108"}],"wp:term":[{"taxonomy":"product_brand","embeddable":true,"href":"https:\/\/viajesanitadubai.com\/es\/wp-json\/wp\/v2\/product_brand?post=4108"},{"taxonomy":"product_cat","embeddable":true,"href":"https:\/\/viajesanitadubai.com\/es\/wp-json\/wp\/v2\/product_cat?post=4108"},{"taxonomy":"product_tag","embeddable":true,"href":"https:\/\/viajesanitadubai.com\/es\/wp-json\/wp\/v2\/product_tag?post=4108"}],"curies":[{"name":"wp","href":"https:\/\/api.w.org\/{rel}","templated":true}]}}