{"id":4105,"date":"2025-05-05T15:54:19","date_gmt":"2025-05-05T15:54:19","guid":{"rendered":"https:\/\/viajesanitadubai.com\/?post_type=product&#038;p=4105"},"modified":"2025-05-08T04:25:17","modified_gmt":"2025-05-08T04:25:17","slug":"dubai-and-egypt-mystique-and-luxury","status":"publish","type":"product","link":"https:\/\/viajesanitadubai.com\/es\/producto\/dubai-and-egypt-mystique-and-luxury\/","title":{"rendered":"Dub\u00e1i y Egipto: M\u00edstica y Lujo"},"content":{"rendered":"<p>Dub\u00e1i y Egipto: M\u00edstica y Lujo, un viaje a trav\u00e9s de desiertos y faraones. Vive Dub\u00e1i y Egipto: M\u00edstica y Lujo.<\/p>\n<p><strong>Precio por persona en Doble o Triple desde<\/strong> <strong>$1,649.00<\/strong><\/p>\n<p><strong><br \/>\nEl paquete incluye:<\/strong><\/p>\n<p><strong><br \/>\nEgipto<\/strong><\/p>\n<ul>\n<li>Todos los traslados mencionados en Minivan Privada 2023<\/li>\n<li>Visa Egipcia<\/li>\n<li>Entradas a todos los monumentos mencionados en el itinerario.<\/li>\n<li>4 noches en un hotel de 4 estrellas (Tiiba Pyramids Hotel o similar) en El Cairo<\/li>\n<li>3 noches con pensi\u00f3n completa<\/li>\n<li>1 noche con desayuno<\/li>\n<li>4 almuerzos en restaurantes locales<\/li>\n<li>Crucero con cena por el Nilo<\/li>\n<li>Agua embotellada diaria<\/li>\n<li>Gu\u00eda de habla hispana<\/li>\n<\/ul>\n<p><strong><br \/>\nDub\u00e1i<\/strong><\/p>\n<ul>\n<li>Traslados privados aeropuerto-hotel-aeropuerto<\/li>\n<li>5 noches de alojamiento en un hotel de 4 estrellas en Dub\u00e1i<\/li>\n<li>Desayuno diario incluido<\/li>\n<li>Recorrido de medio d\u00eda por la ciudad de Dub\u00e1i en servicio compartido con gu\u00eda de habla hispana (opera los s\u00e1bados,<\/li>\n<li>Lunes y mi\u00e9rcoles)<\/li>\n<li>Tour de d\u00eda completo a Abu Dhabi + almuerzo con gu\u00eda de habla hispana (opera s\u00e1bados, martes y jueves)<\/li>\n<li>Safari por el desierto en veh\u00edculos 4\u00d74 compartidos (6 personas por veh\u00edculo) + cena barbacoa con conductor de habla inglesa (incluye t\u00e9, caf\u00e9, agua y refrescos)<\/li>\n<li>Crucero en dhow por Dubai Marina con conductor de habla inglesa<\/li>\n<\/ul>\n<p><strong><br \/>\nNo incluido:<\/strong><\/p>\n<ul>\n<li>Gastos personales<\/li>\n<li>Excursiones opcionales<\/li>\n<li>Cualquier servicio no especificado anteriormente<\/li>\n<li>Propinas para conductor, gu\u00eda, porteador y representante (desde $25.00 por persona)<\/li>\n<li>Comidas y bebidas no especificadas<\/li>\n<li>Entrada al interior de las pir\u00e1mides de Egipto<\/li>\n<li>Cualquier comida extra en Egipto cuesta $15 por persona.<\/li>\n<li>Tarifa de Dirham Tur\u00edstico en Dubai (USD 4,5 para hoteles de 4 estrellas) por noche por habitaci\u00f3n, a pagar directamente por el cliente al momento del check-in.<\/li>\n<\/ul>\n<p><strong><br \/>\nNotas importantes<\/strong>:<\/p>\n<ul>\n<li>Tarifas sujetas a cambios y disponibilidad sin previo aviso.<\/li>\n<li>El pasaporte debe ser v\u00e1lido por al menos 6 meses a partir de la fecha de viaje.<\/li>\n<li>Tarifas no reembolsables\/no transferibles\/no endosables<\/li>\n<li>Los cambios en el paquete despu\u00e9s de la compra generar\u00e1n penalizaciones.<\/li>\n<li>No v\u00e1lido durante Nochevieja ni festividades religiosas.<\/li>\n<li>El orden del itinerario puede cambiar sin afectar las actividades.<\/li>\n<li>El alojamiento en habitaci\u00f3n triple incluir\u00e1 una cama supletoria port\u00e1til; los hoteles normalmente no ofrecen habitaciones con 3 camas dobles.<\/li>\n<\/ul>\n<p>Dub\u00e1i y Egipto: M\u00edstica y lujo, descubre la historia, la cultura y la modernidad en un viaje inolvidable.<\/p>","protected":false},"excerpt":{"rendered":"<p>Dubai and Egypt: Mystique and Luxury, a journey through deserts and pharaohs. Live Dubai and Egypt: Mystique and Luxury. Price per person in Double or Triple from $1,649.00 Package Includes: Egypt All mentioned transfers in a 2023 Private Minivan Egyptian Visa Entrance fees to all monuments mentioned in the itinerary 4 nights at a 4-star [&hellip;]<\/p>\n","protected":false},"featured_media":4106,"template":"","meta":{"_acf_changed":false,"inline_featured_image":false},"product_brand":[],"product_cat":[320,325,317],"product_tag":[],"class_list":{"0":"post-4105","1":"product","2":"type-product","3":"status-publish","4":"has-post-thumbnail","6":"product_cat-all-category","7":"product_cat-dubai","8":"product_cat-egypt","10":"first","11":"instock","12":"virtual","13":"purchasable","14":"product-type-simple"},"acf":[],"_links":{"self":[{"href":"https:\/\/viajesanitadubai.com\/es\/wp-json\/wp\/v2\/product\/4105","targetHints":{"allow":["GET"]}}],"collection":[{"href":"https:\/\/viajesanitadubai.com\/es\/wp-json\/wp\/v2\/product"}],"about":[{"href":"https:\/\/viajesanitadubai.com\/es\/wp-json\/wp\/v2\/types\/product"}],"wp:featuredmedia":[{"embeddable":true,"href":"https:\/\/viajesanitadubai.com\/es\/wp-json\/wp\/v2\/media\/4106"}],"wp:attachment":[{"href":"https:\/\/viajesanitadubai.com\/es\/wp-json\/wp\/v2\/media?parent=4105"}],"wp:term":[{"taxonomy":"product_brand","embeddable":true,"href":"https:\/\/viajesanitadubai.com\/es\/wp-json\/wp\/v2\/product_brand?post=4105"},{"taxonomy":"product_cat","embeddable":true,"href":"https:\/\/viajesanitadubai.com\/es\/wp-json\/wp\/v2\/product_cat?post=4105"},{"taxonomy":"product_tag","embeddable":true,"href":"https:\/\/viajesanitadubai.com\/es\/wp-json\/wp\/v2\/product_tag?post=4105"}],"curies":[{"name":"wp","href":"https:\/\/api.w.org\/{rel}","templated":true}]}}