{"id":4096,"date":"2025-03-18T17:46:28","date_gmt":"2025-03-18T17:46:28","guid":{"rendered":"https:\/\/viajesanitadubai.com\/?post_type=product&#038;p=4096"},"modified":"2025-03-18T17:46:28","modified_gmt":"2025-03-18T17:46:28","slug":"turkey-dubai-2x1","status":"publish","type":"product","link":"https:\/\/viajesanitadubai.com\/es\/producto\/turkey-dubai-2x1\/","title":{"rendered":"Turqu\u00eda + Dub\u00e1i 2\u00d71"},"content":{"rendered":"<p>14 D\u00cdAS \/ 13 NOCHES DE MAYO A SEPTIEMBRE SALIDAS TODOS LOS MI\u00c9RCOLES<br \/>\n&#8220;<strong>Turqu\u00eda + Dub\u00e1i: Dos mundos, un viaje!<\/strong>\u00a1Vive la magia de Turqu\u00eda y Dub\u00e1i: Dos mundos, un solo viaje! Cultura, lujo y aventura en un solo destino. <strong>Turqu\u00eda + Dub\u00e1i: Dos mundos, un viaje!<\/strong>!<\/p>\n<p>Precio Habitaci\u00f3n Doble: <strong>$1727.00<\/strong><\/p>\n<p><strong><br \/>\nEl paquete incluye<\/strong>:<\/p>\n<p><strong><br \/>\nTurqu\u00eda<\/strong><\/p>\n<ul>\n<li>Traslados con asistencia en espa\u00f1ol.<\/li>\n<li>Alojamiento en hoteles (o similares).<\/li>\n<li>Gu\u00eda local de habla hispana para todas las visitas incluidas en el programa.<\/li>\n<li>Plan de comidas seg\u00fan programa (Desayunos, 5 Cenas).<\/li>\n<li>Transporte en minib\u00fas o autob\u00fas con A\/C, seg\u00fan n\u00famero de pasajeros.<\/li>\n<li>1 botella de 0,50L de agua en el autob\u00fas durante los d\u00edas de tour.<\/li>\n<li>Wi-Fi gratuito en el autob\u00fas del circuito durante los d\u00edas del recorrido.<\/li>\n<\/ul>\n<p><strong><br \/>\nDub\u00e1i<\/strong><\/p>\n<ul>\n<li>Traslados privados aeropuerto\/hotel\/aeropuerto.<\/li>\n<li>4 noches de alojamiento en hotel Mena o similar.<\/li>\n<li>Desayuno diario incluido.<\/li>\n<li>Recorrido de medio d\u00eda por la ciudad de Dub\u00e1i en servicio compartido con gu\u00eda de habla hispana (opera los s\u00e1bados,<\/li>\n<li>Lunes y mi\u00e9rcoles).<\/li>\n<li>Safari por el desierto en veh\u00edculos 4\u00d74 compartidos (6 pasajeros por veh\u00edculo) + cena barbacoa con conductor de habla inglesa (t\u00e9, caf\u00e9, agua y refrescos incluidos).<\/li>\n<li>Visa para Emiratos \u00c1rabes Unidos (dependiendo de la nacionalidad).<\/li>\n<\/ul>\n<p><strong><br \/>\nNo incluido<\/strong>:<\/p>\n<ul>\n<li>Pasaje a\u00e9reo internacional.<\/li>\n<li>Propinas para gu\u00eda y conductor en Estambul (se sugieren 55 $ por persona).<\/li>\n<li>Traslados no indicados o en d\u00edas de llegada\/salida diferentes al programa.<\/li>\n<li>Bebidas durante las comidas incluidas.<\/li>\n<li>Gastos personales.<\/li>\n<li>Excursiones opcionales.<\/li>\n<li>Ning\u00fan servicio no especificado como incluido.<\/li>\n<li>Impuesto tur\u00edstico en Turqu\u00eda: $ 55 por persona.<\/li>\n<li>Tarifa de Dirham Tur\u00edstico en Dubai: $5 por noche por habitaci\u00f3n (a pagar directamente por el cliente al momento del check-in).<\/li>\n<li>Seguro de viaje.<\/li>\n<\/ul>\n<p><strong><br \/>\nNotas importantes<\/strong>:<\/p>\n<ul>\n<li>Las tarifas est\u00e1n sujetas a cambios y disponibilidad sin previo aviso.<\/li>\n<li>El pasaporte debe ser v\u00e1lido por al menos 6 meses a partir de la fecha del viaje.<\/li>\n<li>Tarifas no reembolsables, no transferibles y no endosables.<\/li>\n<li>Se aplican penalizaciones por cambios.<\/li>\n<li>90 d\u00edas antes de la salida: se requiere el pago del 50%.<\/li>\n<li>45 d\u00edas antes de la salida: se requiere el pago total.<\/li>\n<li>Tasa portuaria de 15 \u20ac por persona, a pagar en destino. El tour puede cambiarse a Samos seg\u00fan la disponibilidad del ferry.<\/li>\n<\/ul>\n<p>Descubre <strong>Turqu\u00eda + Dub\u00e1i: Dos mundos, un viaje!<\/strong>Cultura, lujo y aventura en un viaje inolvidable.<\/p>","protected":false},"excerpt":{"rendered":"<p>14 DAYS \/ 13 NIGHTS\u2028MAY TO SEPTEMBER\u2028DEPARTURE EVERY WEDNESDAY &#8220;Turkey + Dubai: Two Worlds, One Journey!&#8221;\u2028Experience the magic of Turkey + Dubai: Two Worlds, One Journey! Culture, luxury, and adventure in a single destination. Turkey + Dubai: Two Worlds, One Journey! Double Room Price: $1727.00 Package Includes: Turkey Transfers with Spanish-speaking assistance. Accommodation in hotels [&hellip;]<\/p>\n","protected":false},"featured_media":4098,"template":"","meta":{"_acf_changed":false,"inline_featured_image":false},"product_brand":[],"product_cat":[15],"product_tag":[],"class_list":{"0":"post-4096","1":"product","2":"type-product","3":"status-publish","4":"has-post-thumbnail","6":"product_cat-sin-categorizar","8":"first","9":"instock","10":"virtual","11":"purchasable","12":"product-type-simple"},"acf":[],"_links":{"self":[{"href":"https:\/\/viajesanitadubai.com\/es\/wp-json\/wp\/v2\/product\/4096","targetHints":{"allow":["GET"]}}],"collection":[{"href":"https:\/\/viajesanitadubai.com\/es\/wp-json\/wp\/v2\/product"}],"about":[{"href":"https:\/\/viajesanitadubai.com\/es\/wp-json\/wp\/v2\/types\/product"}],"wp:featuredmedia":[{"embeddable":true,"href":"https:\/\/viajesanitadubai.com\/es\/wp-json\/wp\/v2\/media\/4098"}],"wp:attachment":[{"href":"https:\/\/viajesanitadubai.com\/es\/wp-json\/wp\/v2\/media?parent=4096"}],"wp:term":[{"taxonomy":"product_brand","embeddable":true,"href":"https:\/\/viajesanitadubai.com\/es\/wp-json\/wp\/v2\/product_brand?post=4096"},{"taxonomy":"product_cat","embeddable":true,"href":"https:\/\/viajesanitadubai.com\/es\/wp-json\/wp\/v2\/product_cat?post=4096"},{"taxonomy":"product_tag","embeddable":true,"href":"https:\/\/viajesanitadubai.com\/es\/wp-json\/wp\/v2\/product_tag?post=4096"}],"curies":[{"name":"wp","href":"https:\/\/api.w.org\/{rel}","templated":true}]}}