{"id":4094,"date":"2025-03-18T17:16:36","date_gmt":"2025-03-18T17:16:36","guid":{"rendered":"https:\/\/viajesanitadubai.com\/?post_type=product&#038;p=4094"},"modified":"2025-03-19T15:12:13","modified_gmt":"2025-03-19T15:12:13","slug":"discover-egypt-2-x-1-history-and-magic","status":"publish","type":"product","link":"https:\/\/viajesanitadubai.com\/es\/producto\/discover-egypt-2-x-1-history-and-magic\/","title":{"rendered":"Descubre Egipto 2x1: Historia y Magia"},"content":{"rendered":"<p>08 D\u00cdAS\/07 NOCHES: (3 NTS EL CAIRO AD + 04 NTS CRUCERO POR EL NILO PC)<br \/>\nSalida todos los jueves y embarque los s\u00e1bados.<br \/>\nSalida todos los s\u00e1bados y embarque los lunes.<br \/>\nV\u00e1lido del 01 de mayo al 30 de septiembre de 2025.<\/p>\n<p>Descubre Egipto 2x1: Historia y Magia, un viaje \u00fanico a trav\u00e9s de los templos y el Nilo, \u00a1vive Egipto 2x1: Historia y Magia!<\/p>\n<p>Categor\u00eda 4 estrellas $1705.00<\/p>\n<p><strong><br \/>\nEl paquete incluye<\/strong>:<\/p>\n<ul>\n<li>03 noches en El Cairo con desayuno.<\/li>\n<li>04 noches de crucero por el Nilo con pensi\u00f3n completa.<\/li>\n<li>Todos los traslados de entrada y salida en modernos autom\u00f3viles con aire acondicionado y asistencia en ingl\u00e9s.<\/li>\n<li>Tour de El Cairo: recorrido de medio d\u00eda por las pir\u00e1mides con gu\u00eda de habla inglesa.<\/li>\n<li>Crucero por el Nilo:<\/li>\n<li>Luxor: The Temple of Luxor<\/li>\n<li>Edfu: Templo de Horus<\/li>\n<li>Kom Ombo: el templo de Sobek y Haroeris.<\/li>\n<li>Asu\u00e1n: Paseo en faluca.<\/li>\n<li>Visa con asistencia en espa\u00f1ol.<\/li>\n<li>Propinas de gu\u00eda, conductor y crucero por persona: $45.00.<\/li>\n<\/ul>\n<p><strong><br \/>\nNo incluido<\/strong>:<\/p>\n<ul>\n<li>Boletos internacionales por separado.<\/li>\n<li>Gastos personales.<\/li>\n<li>Excursiones opcionales<\/li>\n<li>Cualquier servicio no especificado.<\/li>\n<li>Alimentos y bebidas no especificados<\/li>\n<li>Ning\u00fan otro servicio especificado como incluido<\/li>\n<\/ul>\n<p><strong>Notas importantes<\/strong>:<\/p>\n<ul>\n<li>Las tarifas est\u00e1n sujetas a cambios y disponibilidad sin previo aviso.<\/li>\n<li>Pasaporte v\u00e1lido por al menos 6 meses a la fecha del viaje.<\/li>\n<li>Las tarifas no son reembolsables, no son transferibles ni endosables.<\/li>\n<li>Se aplica penalizaci\u00f3n por cambio<\/li>\n<li>Se requiere pasaporte en todos los tours.<\/li>\n<li>El orden de los tours est\u00e1 sujeto a cambios en destino, manteniendo el mismo contenido del tour.<\/li>\n<li>Debe tener la vacuna contra la fiebre amarilla<\/li>\n<\/ul>\n<p>Viaja con Egipto 2 por 1: Historia y Magia y descubre templos, pir\u00e1mides y el Nilo en una experiencia \u00fanica.<\/p>","protected":false},"excerpt":{"rendered":"<p>08 DAYS\/07 NIGHTS: (3 NTS CAIRO AD + 04 NTS NILE CRUISE PC) Departure every Thursday and embark on Saturday. Departure every Saturday and embark on Monday. Valid from 01 May &#8211; 30 September 2025 Discover Egypt 2 for 1: History and Magic, a unique journey through temples and the Nile, experience Egypt 2 x [&hellip;]<\/p>\n","protected":false},"featured_media":4095,"template":"","meta":{"_acf_changed":false,"inline_featured_image":false},"product_brand":[],"product_cat":[320,317],"product_tag":[],"class_list":{"0":"post-4094","1":"product","2":"type-product","3":"status-publish","4":"has-post-thumbnail","6":"product_cat-all-category","7":"product_cat-egypt","9":"first","10":"instock","11":"virtual","12":"purchasable","13":"product-type-simple"},"acf":[],"_links":{"self":[{"href":"https:\/\/viajesanitadubai.com\/es\/wp-json\/wp\/v2\/product\/4094","targetHints":{"allow":["GET"]}}],"collection":[{"href":"https:\/\/viajesanitadubai.com\/es\/wp-json\/wp\/v2\/product"}],"about":[{"href":"https:\/\/viajesanitadubai.com\/es\/wp-json\/wp\/v2\/types\/product"}],"wp:featuredmedia":[{"embeddable":true,"href":"https:\/\/viajesanitadubai.com\/es\/wp-json\/wp\/v2\/media\/4095"}],"wp:attachment":[{"href":"https:\/\/viajesanitadubai.com\/es\/wp-json\/wp\/v2\/media?parent=4094"}],"wp:term":[{"taxonomy":"product_brand","embeddable":true,"href":"https:\/\/viajesanitadubai.com\/es\/wp-json\/wp\/v2\/product_brand?post=4094"},{"taxonomy":"product_cat","embeddable":true,"href":"https:\/\/viajesanitadubai.com\/es\/wp-json\/wp\/v2\/product_cat?post=4094"},{"taxonomy":"product_tag","embeddable":true,"href":"https:\/\/viajesanitadubai.com\/es\/wp-json\/wp\/v2\/product_tag?post=4094"}],"curies":[{"name":"wp","href":"https:\/\/api.w.org\/{rel}","templated":true}]}}