{"id":4092,"date":"2025-03-18T17:04:29","date_gmt":"2025-03-18T17:04:29","guid":{"rendered":"https:\/\/viajesanitadubai.com\/?post_type=product&#038;p=4092"},"modified":"2025-03-18T17:05:43","modified_gmt":"2025-03-18T17:05:43","slug":"wonders-of-the-orient-istanbul-cappadocia-dubai","status":"publish","type":"product","link":"https:\/\/viajesanitadubai.com\/es\/producto\/wonders-of-the-orient-istanbul-cappadocia-dubai\/","title":{"rendered":"Maravillas de Oriente: Estambul, Capadocia y Dub\u00e1i"},"content":{"rendered":"<p>\u201cTurqu\u00eda y Dub\u00e1i: Lujo y Magia\u201d<br \/>\nDescubre Turqu\u00eda y Dub\u00e1i: Lujo y Magia, una experiencia \u00fanica llena de historia, cultura y modernidad. Vive Turqu\u00eda y Dub\u00e1i: Lujo y Magia en un viaje inolvidable.<br \/>\n11 d\u00edas y 10 nochesAbril 2025Comienza el viernes o lunes<\/p>\n<p><strong>Precio por persona en Habitaci\u00f3n Doble desde $1505<\/strong><\/p>\n<p><strong><br \/>\nIncluye<\/strong><\/p>\n<p><strong><br \/>\nTurqu\u00eda<\/strong><\/p>\n<ul>\n<li>Hoteles 4* con desayuno<\/li>\n<li>4 noches en Estambul<\/li>\n<li>2 noches en Capadocias<\/li>\n<li>Gu\u00eda de habla hispana<\/li>\n<li>Comidas, entradas y visitas seg\u00fan programa.<\/li>\n<li>Todos los traslados en veh\u00edculos con aire acondicionado.<\/li>\n<li>2 cenas<\/li>\n<li>Traslados seg\u00fan itinerario.<\/li>\n<li>Vuelo dom\u00e9stico Capadocia-Estambul (1 maleta facturada 23 kg + 1 equipaje de mano 8 kg, sujeto a disponibilidad)<\/li>\n<li>Dub\u00e1i<\/li>\n<li>Hotel 4* con desayuno<\/li>\n<li>4 noches en Dub\u00e1i<\/li>\n<li>Traslados seg\u00fan itinerario.<\/li>\n<li>Recorrido por la ciudad de Abu Dabi con almuerzo<\/li>\n<li>Recorrido cl\u00e1sico por la ciudad de Dub\u00e1i<\/li>\n<li>Desierto Sa<\/li>\n<\/ul>\n<p><strong><br \/>\nDub\u00e1i<\/strong><\/p>\n<ul>\n<li>Hotel 4* con desayuno<\/li>\n<li>4 noches en Dub\u00e1i<\/li>\n<li>Traslados seg\u00fan itinerario.<\/li>\n<li>Recorrido por la ciudad de Abu Dabi con almuerzo<\/li>\n<li>Recorrido cl\u00e1sico por la ciudad de Dub\u00e1i<\/li>\n<li>Safari por el desierto con cena barbacoa (veh\u00edculo 4\u00d74 con conductor de habla inglesa)<\/li>\n<li>Visa EAU<\/li>\n<\/ul>\n<p><strong><br \/>\nNo incluido<\/strong><\/p>\n<ul>\n<li>Vuelos internacionales<\/li>\n<li>Vuelo Estambul-Dub\u00e1i<\/li>\n<li>Propinas para gu\u00eda y conductor en Estambul (Precio sugerido: 55 $ por persona)<\/li>\n<li>Traslados no especificados o en d\u00edas de llegada\/salida diferentes<\/li>\n<li>Bebidas durante las comidas incluidas<\/li>\n<li>Gastos personales<\/li>\n<li>Excursiones opcionales<\/li>\n<li>Cualquier servicio no especificado<\/li>\n<li>Comidas y bebidas no especificadas<\/li>\n<li>Impuestos hoteleros en Turqu\u00eda ($25.00)<\/li>\n<li>Impuestos hoteleros en Dub\u00e1i (5,00 $ por noche por habitaci\u00f3n)<\/li>\n<\/ul>\n<p><strong><br \/>\nNotas importantes<\/strong><\/p>\n<ul>\n<li>El alojamiento triple incluye una cama port\u00e1til adicional (los hoteles normalmente no tienen habitaciones con tres camas).<\/li>\n<li>Tarifas sujetas a cambio y disponibilidad sin previo aviso.<\/li>\n<li>Pasaporte v\u00e1lido por al menos 6 meses a partir de la fecha del viaje.<\/li>\n<li>Tarifas no reembolsables, no transferibles y no endosables.<\/li>\n<li>Se aplican penalizaciones por cambios.<\/li>\n<li>Cierres de sitios en Turqu\u00eda:<\/li>\n<li>Domingos: Gran Bazar<\/li>\n<li>Martes: Palacio de Topkapi<\/li>\n<li>Lunes: Palacio de Beylerbeyi<\/li>\n<li>El orden de las visitas podr\u00e1 variar manteniendo el mismo contenido del itinerario.<\/li>\n<li>90 d\u00edas antes del viaje: se requiere pago del 50%.<\/li>\n<li>45 d\u00edas antes del viaje: se requiere el pago total.<\/li>\n<\/ul>\n<p>&nbsp;<\/p>\n<p>\u00a1Explora <strong>Turqu\u00eda y Dub\u00e1i: Lujo y Magia<\/strong>un viaje \u00fanico a trav\u00e9s de la historia, la cultura y la modernidad!<\/p>","protected":false},"excerpt":{"rendered":"<p>&#8220;Turkey &amp; Dubai: Luxury and Magic&#8221; Discover Turkey &amp; Dubai: Luxury and Magic, a unique experience filled with history, culture, and modernity. Live Turkey &amp; Dubai: Luxury and Magic on an unforgettable journey. 11 Days &amp; 10 Nights\u2028April 2025\u2028Start on Friday or Monday Price per person in Double from $1505 Includes Turkey 4* Hotels with [&hellip;]<\/p>\n","protected":false},"featured_media":4093,"template":"","meta":{"_acf_changed":false,"inline_featured_image":false},"product_brand":[],"product_cat":[15],"product_tag":[],"class_list":{"0":"post-4092","1":"product","2":"type-product","3":"status-publish","4":"has-post-thumbnail","6":"product_cat-sin-categorizar","8":"first","9":"instock","10":"virtual","11":"purchasable","12":"product-type-simple"},"acf":[],"_links":{"self":[{"href":"https:\/\/viajesanitadubai.com\/es\/wp-json\/wp\/v2\/product\/4092","targetHints":{"allow":["GET"]}}],"collection":[{"href":"https:\/\/viajesanitadubai.com\/es\/wp-json\/wp\/v2\/product"}],"about":[{"href":"https:\/\/viajesanitadubai.com\/es\/wp-json\/wp\/v2\/types\/product"}],"wp:featuredmedia":[{"embeddable":true,"href":"https:\/\/viajesanitadubai.com\/es\/wp-json\/wp\/v2\/media\/4093"}],"wp:attachment":[{"href":"https:\/\/viajesanitadubai.com\/es\/wp-json\/wp\/v2\/media?parent=4092"}],"wp:term":[{"taxonomy":"product_brand","embeddable":true,"href":"https:\/\/viajesanitadubai.com\/es\/wp-json\/wp\/v2\/product_brand?post=4092"},{"taxonomy":"product_cat","embeddable":true,"href":"https:\/\/viajesanitadubai.com\/es\/wp-json\/wp\/v2\/product_cat?post=4092"},{"taxonomy":"product_tag","embeddable":true,"href":"https:\/\/viajesanitadubai.com\/es\/wp-json\/wp\/v2\/product_tag?post=4092"}],"curies":[{"name":"wp","href":"https:\/\/api.w.org\/{rel}","templated":true}]}}