{"id":4090,"date":"2025-03-18T16:51:20","date_gmt":"2025-03-18T16:51:20","guid":{"rendered":"https:\/\/viajesanitadubai.com\/?post_type=product&#038;p=4090"},"modified":"2025-03-19T17:47:27","modified_gmt":"2025-03-19T17:47:27","slug":"formula-1-abu-dhabi","status":"publish","type":"product","link":"https:\/\/viajesanitadubai.com\/es\/producto\/formula-1-abu-dhabi\/","title":{"rendered":"F\u00f3rmula 1 Abu Dabi"},"content":{"rendered":"<p>3 al 10 de diciembre de 2025<br \/>\n8 Days and 7 Nights<br \/>\n\u201c\u00a1Velocidad y lujo en F1 Abu Dhabi!\u201d<br \/>\nExperimenta la emoci\u00f3n de la F\u00f3rmula 1 en Abu Dabi. \u00a1Velocidad y lujo en F1 Abu Dabi! Una experiencia \u00fanica, velocidad y lujo en F1 Abu Dabi.<\/p>\n<p><strong><br \/>\nPrecio por Persona Habitaci\u00f3n Doble $2025.00<\/strong><\/p>\n<p><strong>Incluye<\/strong><\/p>\n<ul>\n<li>7 noches de alojamiento en Dubai en habitaci\u00f3n doble compartida con desayuno buffet diario.<\/li>\n<li>Traslado de llegada y salida en grupo privado con asistencia \u00fanicamente en ingl\u00e9s.<\/li>\n<li>Traslado el 06 y 07 de diciembre a la carrera de F1 en Abu Dhabi en privado con asistencia de habla hispana.<\/li>\n<li>Entradas para los 2 d\u00edas de la carrera de F\u00f3rmula 1 \u2013 Entradas Tribuna<\/li>\n<li>Entradas para los conciertos post F1 con traslados incluidos<\/li>\n<li>Visita de Dub\u00e1i en privado con gu\u00eda de habla inglesa<\/li>\n<li>Visita privada a Abu Dabi con gu\u00eda de habla inglesa.<\/li>\n<li>Excursi\u00f3n al desierto con cena barbacoa en privado (veh\u00edculos m\u00e1ximo 6 personas)<\/li>\n<li>Propinas para toda la estancia<\/li>\n<li>Visa de los EAU (seg\u00fan la nacionalidad)<\/li>\n<li>Tarifa de dirham tur\u00edstico en el hotel<\/li>\n<li>5% IVA<\/li>\n<li>Seguro de Viaje<\/li>\n<\/ul>\n<p><strong><br \/>\nNo incluye<\/strong><\/p>\n<ul>\n<li>Vuelo internacional<\/li>\n<li>Alimentos y bebidas no especificados.<\/li>\n<li>Gastos personales (lavander\u00eda, servicio de bar, servicio de habitaciones, llamadas telef\u00f3nicas -locales, nacionales e internacionales-, etc.).<\/li>\n<li>Ning\u00fan otro servicio especificado como incluido.<\/li>\n<\/ul>\n<p><strong>Notas importantes<\/strong><\/p>\n<ul>\n<li>Las entradas al evento no son reembolsables en caso de cancelaci\u00f3n una vez emitidas seg\u00fan las pol\u00edticas del circuito.<\/li>\n<li>En caso de cancelaci\u00f3n, es posible cambiar\/reemplazar al pasajero por otro.<\/li>\n<li>En caso de no disponibilidad en el hotel seleccionado, se confirmar\u00e1 la reserva en otro hotel de la misma categor\u00eda.<\/li>\n<li>En caso de que el hotel o el tipo de habitaci\u00f3n deseado no est\u00e9 disponible, revisaremos el precio al alza o a la baja, seg\u00fan sea el caso.<\/li>\n<li>En caso de que el hotel o el tipo de habitaci\u00f3n deseado no est\u00e9 disponible, revisaremos el precio al alza o a la baja, seg\u00fan sea el caso.<\/li>\n<li>Viajes Anita Dubai se encargar\u00e1 de todos los preparativos de transporte, alojamiento, traslados y tours. La empresa no se responsabiliza de ninguna lesi\u00f3n, da\u00f1o, p\u00e9rdida, accidente o irregularidad que pueda causar cualquier otra empresa o tercero durante el viaje.<\/li>\n<\/ul>\n<p>Descubre la adrenalina de la F\u00f3rmula 1 en Abu Dabi: \u00a1velocidad y lujo en F1 Abu Dabi! Vive la emoci\u00f3n.<\/p>","protected":false},"excerpt":{"rendered":"<p>December 3 to 10, 2025 8 Days and 7 Nights \u201cSpeed and luxury in F1 Abu Dhabi!\u201d Experience the thrill of Formula 1 in Abu Dhabi. speed and luxury in F1 Abu Dhabi! A unique experience, speed and luxury in F1 Abu Dhabi! Price per Person Double Room $2025.00 Includes 7 Nights accommodation in Dubai [&hellip;]<\/p>\n","protected":false},"featured_media":4100,"template":"","meta":{"_acf_changed":false,"inline_featured_image":false},"product_brand":[],"product_cat":[320,325],"product_tag":[],"class_list":{"0":"post-4090","1":"product","2":"type-product","3":"status-publish","4":"has-post-thumbnail","6":"product_cat-all-category","7":"product_cat-dubai","9":"first","10":"instock","11":"virtual","12":"purchasable","13":"product-type-simple"},"acf":[],"_links":{"self":[{"href":"https:\/\/viajesanitadubai.com\/es\/wp-json\/wp\/v2\/product\/4090","targetHints":{"allow":["GET"]}}],"collection":[{"href":"https:\/\/viajesanitadubai.com\/es\/wp-json\/wp\/v2\/product"}],"about":[{"href":"https:\/\/viajesanitadubai.com\/es\/wp-json\/wp\/v2\/types\/product"}],"wp:featuredmedia":[{"embeddable":true,"href":"https:\/\/viajesanitadubai.com\/es\/wp-json\/wp\/v2\/media\/4100"}],"wp:attachment":[{"href":"https:\/\/viajesanitadubai.com\/es\/wp-json\/wp\/v2\/media?parent=4090"}],"wp:term":[{"taxonomy":"product_brand","embeddable":true,"href":"https:\/\/viajesanitadubai.com\/es\/wp-json\/wp\/v2\/product_brand?post=4090"},{"taxonomy":"product_cat","embeddable":true,"href":"https:\/\/viajesanitadubai.com\/es\/wp-json\/wp\/v2\/product_cat?post=4090"},{"taxonomy":"product_tag","embeddable":true,"href":"https:\/\/viajesanitadubai.com\/es\/wp-json\/wp\/v2\/product_tag?post=4090"}],"curies":[{"name":"wp","href":"https:\/\/api.w.org\/{rel}","templated":true}]}}