{"id":4088,"date":"2025-03-18T16:30:06","date_gmt":"2025-03-18T16:30:06","guid":{"rendered":"https:\/\/viajesanitadubai.com\/?post_type=product&#038;p=4088"},"modified":"2025-03-18T16:31:11","modified_gmt":"2025-03-18T16:31:11","slug":"shopping-in-dubai","status":"publish","type":"product","link":"https:\/\/viajesanitadubai.com\/es\/producto\/shopping-in-dubai\/","title":{"rendered":"Compras en Dub\u00e1i"},"content":{"rendered":"<p><strong>6 al 14 de diciembre de 2025<\/strong><br \/>\n<strong>8 d\u00edas y 7 noches<\/strong><br \/>\nCompras en Dub\u00e1i: Lujo y ofertas<br \/>\nExperiencia <strong>Compras en Dub\u00e1i: Lujo y ofertas<\/strong>, donde te esperan el glamour y los descuentos.<br \/>\nDescubre <strong>Compras en Dub\u00e1i: Lujo y ofertas<\/strong> en cada esquina!<\/p>\n<p class=\"p1\"><b><br \/>\nPrecio por persona en Habitaci\u00f3n Doble desde $1,615.00<\/b><\/p>\n<p><strong><br \/>\nEl precio incluye<\/strong>:<\/p>\n<ul>\n<li>8 noches de alojamiento en Dub\u00e1i en habitaci\u00f3n doble compartida con desayuno buffet diario.<\/li>\n<li>Traslados privados de llegada y salida con conductor que habla ingl\u00e9s.<\/li>\n<li>Excursi\u00f3n al desierto con cena en el Fuerte del Sahara en 4\u00d74 (servicio regular, m\u00e1x. 6 personas por veh\u00edculo)<\/li>\n<li>Recorrido cl\u00e1sico por la ciudad de Dub\u00e1i (lunes, mi\u00e9rcoles y s\u00e1bado) con gu\u00eda de habla hispana (compartido)<\/li>\n<li>Recorrido por la ciudad de Abu Dabi (martes, jueves y domingo) con gu\u00eda de habla hispana (compartido) + Yas Mall<br \/>\nRecorrido de compras privado de d\u00eda completo en outlets con gu\u00eda de habla hispana<\/li>\n<li>Recorrido de compras privado de medio d\u00eda en City Walk &amp; Outlet Village con gu\u00eda de habla hispana<\/li>\n<li>5% IVA<\/li>\n<\/ul>\n<p><strong><br \/>\nNo incluido<\/strong>:<\/p>\n<ul>\n<li>Gastos personales<\/li>\n<li>Excursiones opcionales<\/li>\n<li>Vuelos internacionales<\/li>\n<li>Cualquier servicio no especificado<\/li>\n<li>Propinas.<\/li>\n<li>Comidas y bebidas no especificadas<\/li>\n<li>Cualquier otro servicio no listado como incluido<\/li>\n<\/ul>\n<p><strong><br \/>\nNotas importantes:<\/strong><\/p>\n<ul>\n<li>Las tarifas est\u00e1n sujetas a cambios y disponibilidad sin previo aviso.<\/li>\n<li>El pasaporte debe ser v\u00e1lido por al menos 6 meses a partir de la fecha del viaje.<\/li>\n<li>Tarifas no reembolsables, no transferibles y no endosables<\/li>\n<li>Se aplican sanciones por cambios<\/li>\n<li>El orden de las visitas podr\u00e1 cambiar en el destino manteniendo el mismo contenido<\/li>\n<li>No incluye seguro por condiciones preexistentes ni cancelaci\u00f3n.<\/li>\n<li>Cualquier cargo adicional como tarifas de resort, dep\u00f3sitos de seguridad o gastos extras deben ser pagados directamente por el cliente en el destino.<\/li>\n<li>Todas las tarifas est\u00e1n cotizadas en categor\u00eda de habitaci\u00f3n est\u00e1ndar.<\/li>\n<\/ul>\n<p><strong><br \/>\nDescubra Dubai Shopping: Luxury &amp; Deals, \u00a1una experiencia de compra \u00fanica llena de glamour, descuentos y exclusividad!<\/strong><\/p>","protected":false},"excerpt":{"rendered":"<p>December 6 to 14, 2025 8 Days &amp; 7 Nights Dubai Shopping: Luxury &amp; Deals Experience Dubai Shopping: Luxury &amp; Deals, where glamour and discounts await you. Discover Dubai Shopping: Luxury &amp; Deals at every corner! Price per person in Double from $1,615.00 The Price Includes: 8 Nights accommodation in Dubai in a shared double [&hellip;]<\/p>\n","protected":false},"featured_media":4089,"template":"","meta":{"_acf_changed":false,"inline_featured_image":false},"product_brand":[],"product_cat":[320,325],"product_tag":[],"class_list":{"0":"post-4088","1":"product","2":"type-product","3":"status-publish","4":"has-post-thumbnail","6":"product_cat-all-category","7":"product_cat-dubai","9":"first","10":"instock","11":"virtual","12":"purchasable","13":"product-type-simple"},"acf":[],"_links":{"self":[{"href":"https:\/\/viajesanitadubai.com\/es\/wp-json\/wp\/v2\/product\/4088","targetHints":{"allow":["GET"]}}],"collection":[{"href":"https:\/\/viajesanitadubai.com\/es\/wp-json\/wp\/v2\/product"}],"about":[{"href":"https:\/\/viajesanitadubai.com\/es\/wp-json\/wp\/v2\/types\/product"}],"wp:featuredmedia":[{"embeddable":true,"href":"https:\/\/viajesanitadubai.com\/es\/wp-json\/wp\/v2\/media\/4089"}],"wp:attachment":[{"href":"https:\/\/viajesanitadubai.com\/es\/wp-json\/wp\/v2\/media?parent=4088"}],"wp:term":[{"taxonomy":"product_brand","embeddable":true,"href":"https:\/\/viajesanitadubai.com\/es\/wp-json\/wp\/v2\/product_brand?post=4088"},{"taxonomy":"product_cat","embeddable":true,"href":"https:\/\/viajesanitadubai.com\/es\/wp-json\/wp\/v2\/product_cat?post=4088"},{"taxonomy":"product_tag","embeddable":true,"href":"https:\/\/viajesanitadubai.com\/es\/wp-json\/wp\/v2\/product_tag?post=4088"}],"curies":[{"name":"wp","href":"https:\/\/api.w.org\/{rel}","templated":true}]}}