{"id":4082,"date":"2025-02-20T19:54:38","date_gmt":"2025-02-20T19:54:38","guid":{"rendered":"https:\/\/viajesanitadubai.com\/?post_type=product&#038;p=4082"},"modified":"2025-02-21T18:47:42","modified_gmt":"2025-02-21T18:47:42","slug":"dubai-divas-female-adventures-from-latin-america","status":"publish","type":"product","link":"https:\/\/viajesanitadubai.com\/es\/producto\/dubai-divas-female-adventures-from-latin-america\/","title":{"rendered":"Dubai divas: female adventures from latin america"},"content":{"rendered":"<p><strong>\u201cDivas de Dub\u00e1i: Solo para ella\u201d<\/strong><br \/>\n&#8220;<strong>Divas de Dub\u00e1i<\/strong>:Solo para ella \u2013 experiencia <strong>lujo<\/strong> e inolvidable <strong>aventuras<\/strong>. <strong>Dub\u00e1i<\/strong> <strong>Divas<\/strong>: Solo para Ella te espera!\u201d<br \/>\n1 al 8 de noviembre de 2025 - 8 d\u00edas y 7 noches<\/p>\n<p><strong>Precio por Persona en Habitaci\u00f3n Doble: $2,567.00<\/strong><\/p>\n<p><strong>EL PRECIO INCLUYE:<\/strong><\/p>\n<ul>\n<li>5 noches de alojamiento en Dub\u00e1i con desayuno diario en el Hilton Al Habtoor City o similar. 2 noches de alojamiento en Abu Dabi con desayuno diario en el Crowne Plaza Yas Island 4* o similar. Traslados privados de llegada y salida con conductor angloparlante.<\/li>\n<li>5 Cenas en crucero Dhow* con traslados.<\/li>\n<li>Safari privado por el desierto con cena VIP en Sahara Fort.<\/li>\n<li>Tour de medio d\u00eda por Dub\u00e1i en privado con gu\u00eda de habla espa\u00f1ola.<\/li>\n<li>Tour de compras de d\u00eda completo en privado con gu\u00eda de habla hispana.<\/li>\n<li>Paseo de 1 hora en limusina rosa de lujo hasta el ic\u00f3nico Burj Al Arab.<\/li>\n<li>T\u00e9 o caf\u00e9 de la tarde con tres aperitivos en el lujoso Burj Al Arab.<\/li>\n<li>Visita al Burj Khalifa \u2013 Nivel 124.<\/li>\n<li>Capuchino dorado en el lujoso Emirates Palace.<\/li>\n<li>Excursi\u00f3n de d\u00eda completo a Abu Dhabi en servicio regular con gu\u00eda de habla hispana y almuerzo incluido.<\/li>\n<li>Visa de los Emiratos \u00c1rabes Unidos.<\/li>\n<li>Tarifa del dirham tur\u00edstico.<\/li>\n<\/ul>\n<p>EL PRECIO NO INCLUYE:<\/p>\n<ul>\n<li>Pasaje a\u00e9reo internacional.<\/li>\n<li>Propinas (gu\u00edas, choferes, personal de limpieza, botones, camareros, etc.).<\/li>\n<li>Comidas y bebidas no especificadas.<\/li>\n<li>Bebidas durante las cenas y\/o almuerzos incluidos.<\/li>\n<li>Gastos personales (lavander\u00eda, minibar, servicio de habitaciones, llamadas telef\u00f3nicas \u2013 locales, nacionales e internacionales).<\/li>\n<li>Seguro de viaje o cualquier otro servicio no especificado como incluido.<\/li>\n<\/ul>\n<p><strong>NOTAS:<\/strong><\/p>\n<ul>\n<li>El orden del itinerario puede variar seg\u00fan la disponibilidad de tours y excursiones. Este programa es solo una cotizaci\u00f3n; a\u00fan no se han realizado reservas. Cualquier solicitud de reserva est\u00e1 sujeta a disponibilidad.<\/li>\n<li>Todas las tarifas corresponden a una habitaci\u00f3n de categor\u00eda est\u00e1ndar. En caso de no disponibilidad, se confirmar\u00e1 una habitaci\u00f3n de categor\u00eda superior con un cargo adicional.<\/li>\n<li>Si el hotel mencionado no est\u00e1 disponible, se ofrecer\u00e1 una alternativa similar. Todas las tarifas son netas y no est\u00e1n sujetas a comisiones.<\/li>\n<li>El operador de Dub\u00e1i organizar\u00e1 todo el transporte, alojamiento, traslados y visitas. La empresa no se responsabiliza de ninguna lesi\u00f3n, da\u00f1o, p\u00e9rdida, accidente o irregularidad causada por otra empresa o persona durante el viaje.<\/li>\n<\/ul>\n<p>\u201cDubai Divas: Solo para ella: \u00a1vive el lujo, la diversi\u00f3n y aventuras inolvidables en un destino \u00fanico!\u201d<\/p>","protected":false},"excerpt":{"rendered":"<p>&#8220;Dubai Divas: Just for Her&#8221; &#8220;Dubai Divas: Just for Her \u2013 experience luxury and unforgettable adventures. Dubai Divas: Just for Her awaits you!&#8221; November 1 &#8211; 8, 2025\u2028- 8 Days &amp; 7 Nights Price per Person in Double Room: $2,567.00 PRICE INCLUDES: 05 Nights stay in Dubai with daily breakfast at Hilton Al Habtoor City [&hellip;]<\/p>\n","protected":false},"featured_media":4084,"template":"","meta":{"_acf_changed":false,"inline_featured_image":false},"product_brand":[],"product_cat":[15],"product_tag":[],"class_list":{"0":"post-4082","1":"product","2":"type-product","3":"status-publish","4":"has-post-thumbnail","6":"product_cat-sin-categorizar","8":"first","9":"instock","10":"virtual","11":"purchasable","12":"product-type-simple"},"acf":[],"_links":{"self":[{"href":"https:\/\/viajesanitadubai.com\/es\/wp-json\/wp\/v2\/product\/4082","targetHints":{"allow":["GET"]}}],"collection":[{"href":"https:\/\/viajesanitadubai.com\/es\/wp-json\/wp\/v2\/product"}],"about":[{"href":"https:\/\/viajesanitadubai.com\/es\/wp-json\/wp\/v2\/types\/product"}],"wp:featuredmedia":[{"embeddable":true,"href":"https:\/\/viajesanitadubai.com\/es\/wp-json\/wp\/v2\/media\/4084"}],"wp:attachment":[{"href":"https:\/\/viajesanitadubai.com\/es\/wp-json\/wp\/v2\/media?parent=4082"}],"wp:term":[{"taxonomy":"product_brand","embeddable":true,"href":"https:\/\/viajesanitadubai.com\/es\/wp-json\/wp\/v2\/product_brand?post=4082"},{"taxonomy":"product_cat","embeddable":true,"href":"https:\/\/viajesanitadubai.com\/es\/wp-json\/wp\/v2\/product_cat?post=4082"},{"taxonomy":"product_tag","embeddable":true,"href":"https:\/\/viajesanitadubai.com\/es\/wp-json\/wp\/v2\/product_tag?post=4082"}],"curies":[{"name":"wp","href":"https:\/\/api.w.org\/{rel}","templated":true}]}}