{"id":4080,"date":"2025-02-20T19:40:00","date_gmt":"2025-02-20T19:40:00","guid":{"rendered":"https:\/\/viajesanitadubai.com\/?post_type=product&#038;p=4080"},"modified":"2025-02-20T19:40:00","modified_gmt":"2025-02-20T19:40:00","slug":"unforgettable-adventure-in-albania","status":"publish","type":"product","link":"https:\/\/viajesanitadubai.com\/es\/producto\/unforgettable-adventure-in-albania\/","title":{"rendered":"Una aventura inolvidable en Albania"},"content":{"rendered":"<p>Descubra paisajes <strong>impresionantes<\/strong> y una cultura vibrante <strong>cultura<\/strong> en Aventura inolvidable <strong>Aventura<\/strong> en <strong>Albania<\/strong>: Del 17 al 21 de mayo. \u00a1V\u00edvelo en primera persona! <strong>Aventura<\/strong> en <strong>Albania<\/strong>:Del 17 al 21 de mayo te espera con emoci\u00f3n y belleza inigualable.<\/p>\n<p><strong>Precio por persona (Habitaci\u00f3n Doble o Triple): $1,735.00<\/strong><\/p>\n<p><strong><br \/>\nEL PRECIO INCLUYE:<\/strong><\/p>\n<ul>\n<li>Traslados Aeropuerto \u2013 Hotel \u2013 Aeropuerto<\/li>\n<li>Servicios generales: Recorrido en veh\u00edculo privado guiado por su gu\u00eda. Selecci\u00f3n de hoteles seg\u00fan el itinerario elegido con desayuno incluido. Seguro de viaje b\u00e1sico.<\/li>\n<li>Selecci\u00f3n de hoteles: En las zonas rurales, los alojamientos pueden ser peque\u00f1os hoteles o incluso casas rurales. Aunque los hoteles enumerados son los alojamientos previstos, en algunos casos pueden confirmarse hoteles alternativos en la misma localidad o en localidades cercanas debido a la disponibilidad o a las condiciones del contrato.<\/li>\n<li>Tours panor\u00e1micos en: Durres, Tirana.<\/li>\n<li>Traslados: Traslado de salida en Tirana.<\/li>\n<li>Precios de entrada: Museo Onufri en Berat, Ciudadela de Girokastra, Parque Nacional de Butrint, Museo Arqueol\u00f3gico de Apollonia<\/li>\n<li>Sitio. Monasterio de Ardenica, Anfiteatro Romano de Durres<\/li>\n<\/ul>\n<p><strong><br \/>\nNO INCLUYE:<\/strong><\/p>\n<ul>\n<li>Gastos personales<\/li>\n<li>Excursiones opcionales<\/li>\n<li>Vuelos internacionales<\/li>\n<li>Ning\u00fan servicio no especificado como incluido<\/li>\n<li>Propinas.<\/li>\n<li>Comidas y bebidas no especificadas<\/li>\n<li>Cualquier otro servicio no especificado<\/li>\n<\/ul>\n<p><strong><br \/>\nNOTAS IMPORTANTES:<\/strong><\/p>\n<ul>\n<li>Las tarifas est\u00e1n sujetas a cambios y disponibilidad sin previo aviso.<\/li>\n<li>El pasaporte debe ser v\u00e1lido por al menos 6 meses a partir de la fecha del viaje.<\/li>\n<li>Tarifas no reembolsables \/ no transferibles \/ no endosables.<\/li>\n<li>Se aplican penalizaciones por cualquier cambio.<\/li>\n<li>El orden de las visitas podr\u00e1 cambiar en el destino manteniendo el mismo contenido del itinerario.<\/li>\n<li>No incluye seguro por condiciones preexistentes ni cancelaci\u00f3n.<\/li>\n<li>Cualquier cargo adicional, como tasas de complejo tur\u00edstico, dep\u00f3sitos de seguridad o gastos extraordinarios, deber\u00e1 ser abonado directamente por el viajero en el lugar de destino.<\/li>\n<li>Todas las tarifas est\u00e1n cotizadas para alojamiento en categor\u00eda de habitaci\u00f3n est\u00e1ndar.<\/li>\n<\/ul>\n<p><strong>Viva una aventura inolvidable en Albania: del 17 al 21 de mayo, \u00a1con paisajes impresionantes y experiencias \u00fanicas!<\/strong><\/p>","protected":false},"excerpt":{"rendered":"<p>Discover breathtaking landscapes and a vibrant culture in Unforgettable Adventure in Albania: May 17-21. Experience it firsthand! Unforgettable Adventure in Albania: May 17-21 awaits you with excitement and unparalleled beauty. Price per person (Double or Triple Room): $1,735.00 PRICE INCLUDES: Airport &#8211; Hotel &#8211; Airport Transfers General Services: Private vehicle tour led by your guide. [&hellip;]<\/p>\n","protected":false},"featured_media":4081,"template":"","meta":{"_acf_changed":false,"inline_featured_image":false},"product_brand":[],"product_cat":[320,76],"product_tag":[],"class_list":{"0":"post-4080","1":"product","2":"type-product","3":"status-publish","4":"has-post-thumbnail","6":"product_cat-all-category","7":"product_cat-europe","9":"first","10":"instock","11":"shipping-taxable","12":"product-type-simple"},"acf":[],"_links":{"self":[{"href":"https:\/\/viajesanitadubai.com\/es\/wp-json\/wp\/v2\/product\/4080","targetHints":{"allow":["GET"]}}],"collection":[{"href":"https:\/\/viajesanitadubai.com\/es\/wp-json\/wp\/v2\/product"}],"about":[{"href":"https:\/\/viajesanitadubai.com\/es\/wp-json\/wp\/v2\/types\/product"}],"wp:featuredmedia":[{"embeddable":true,"href":"https:\/\/viajesanitadubai.com\/es\/wp-json\/wp\/v2\/media\/4081"}],"wp:attachment":[{"href":"https:\/\/viajesanitadubai.com\/es\/wp-json\/wp\/v2\/media?parent=4080"}],"wp:term":[{"taxonomy":"product_brand","embeddable":true,"href":"https:\/\/viajesanitadubai.com\/es\/wp-json\/wp\/v2\/product_brand?post=4080"},{"taxonomy":"product_cat","embeddable":true,"href":"https:\/\/viajesanitadubai.com\/es\/wp-json\/wp\/v2\/product_cat?post=4080"},{"taxonomy":"product_tag","embeddable":true,"href":"https:\/\/viajesanitadubai.com\/es\/wp-json\/wp\/v2\/product_tag?post=4080"}],"curies":[{"name":"wp","href":"https:\/\/api.w.org\/{rel}","templated":true}]}}