{"id":4077,"date":"2025-02-19T23:25:40","date_gmt":"2025-02-19T23:25:40","guid":{"rendered":"https:\/\/viajesanitadubai.com\/?post_type=product&#038;p=4077"},"modified":"2025-03-07T19:14:40","modified_gmt":"2025-03-07T19:14:40","slug":"admirable-turkey","status":"publish","type":"product","link":"https:\/\/viajesanitadubai.com\/es\/producto\/admirable-turkey\/","title":{"rendered":"Turqu\u00eda \u2013 2\u00d71"},"content":{"rendered":"<p>10 D\u00cdAS \/ 9 NOCHES<\/p>\n<p>&#8220;<strong>Turqu\u00eda<\/strong> 2\u00d71: Double <strong>Aventura<\/strong>!&#8221;<br \/>\n\"Vive <strong>Turqu\u00eda<\/strong> 2\u00d71: Double <strong>Aventura<\/strong>, una experiencia \u00fanica para <strong>explorar<\/strong> y <strong>descubrrir<\/strong> este <strong>m\u00e1gico<\/strong> <strong>destino<\/strong>.&#8221;<br \/>\nFechas de salida <strong>2025<\/strong> (Lunes, martes o mi\u00e9rcoles)<br \/>\nSalidas todas las semanas a partir del 18 de marzo, <strong>2025<\/strong><br \/>\nPrecio: $799.00<\/p>\n<p><strong>El paquete incluye:<\/strong><\/p>\n<ul>\n<li>Traslados con asistencia en espa\u00f1ol.<\/li>\n<li>Alojamiento en hoteles (o similares).<\/li>\n<li>Gu\u00eda local de habla hispana para todas las visitas incluidas en el programa.<\/li>\n<li>Plan de comidas seg\u00fan programa (Desayunos, 5 Cenas).<\/li>\n<li>Transporte en minib\u00fas o autob\u00fas con aire acondicionado, seg\u00fan el n\u00famero de pasajeros.<\/li>\n<li>1 botella de 0,50 L de agua en el autob\u00fas durante los d\u00edas de tour.<\/li>\n<li>Wi-Fi gratuito en el autob\u00fas del circuito durante los d\u00edas del recorrido.<\/li>\n<\/ul>\n<p><strong>No incluido:<\/strong><\/p>\n<ul>\n<li>Pasaje a\u00e9reo internacional.<\/li>\n<li>Propinas para el gu\u00eda y el conductor en Estambul (sugerencia: 55$ por persona).<\/li>\n<li>Traslados no indicados o en d\u00edas distintos al de llegada o salida del programa.<\/li>\n<li>Bebidas durante las comidas incluidas.<\/li>\n<li>Gastos personales.<\/li>\n<li>Excursiones opcionales.<\/li>\n<li>Ning\u00fan servicio no especificado como incluido.<\/li>\n<li>Impuesto tur\u00edstico: $55 por persona.<\/li>\n<li>Seguro de viaje.<\/li>\n<\/ul>\n<p><strong>Notas importantes:<\/strong><\/p>\n<ul>\n<li>Las tarifas est\u00e1n sujetas a cambios y disponibilidad sin previo aviso.<\/li>\n<li>El pasaporte debe ser v\u00e1lido por al menos 6 meses a partir de la fecha del viaje.<\/li>\n<li>Tarifas no reembolsables \/ no transferibles \/ no endosables.<\/li>\n<li>Se aplican penalizaciones por cambios.<\/li>\n<li>50% payment required 90 days before departure.<\/li>\n<li>Se requiere el pago total 45 d\u00edas antes de la salida.<\/li>\n<li>Port tax of 15 euros per person payable at the destination. The tour may be changed to Samos depending on ferry availability.<\/li>\n<\/ul>\n<p>&#8220;<strong>Turqu\u00eda<\/strong> 2\u00d71: Double <strong>Aventura<\/strong>! <strong>Descubre<\/strong> lo mejor de este <strong>m\u00e1gico<\/strong> <strong>destino<\/strong> con una \u00fanica <strong>experiencia<\/strong>.&#8221;<\/p>","protected":false},"excerpt":{"rendered":"<p>10 DAYS \/ 9 NIGHTS &#8220;Turkey 2&#215;1: Double Adventure!&#8221; &#8220;Live Turkey 2&#215;1: Double Adventure, a unique experience to explore and discover this magical destination.&#8221; Departure Dates 2025 (Monday, Tuesday, or Wednesday) Departures every week starting March 18, 2025 Price: $799.00 Package Includes: Transfers with Spanish-speaking assistance. Accommodation in hotels (or similar). Spanish-speaking local guide for [&hellip;]<\/p>\n","protected":false},"featured_media":4079,"template":"","meta":{"_acf_changed":false,"inline_featured_image":false},"product_brand":[],"product_cat":[320,318],"product_tag":[],"class_list":{"0":"post-4077","1":"product","2":"type-product","3":"status-publish","4":"has-post-thumbnail","6":"product_cat-all-category","7":"product_cat-turkey","9":"first","10":"instock","11":"virtual","12":"purchasable","13":"product-type-simple"},"acf":[],"_links":{"self":[{"href":"https:\/\/viajesanitadubai.com\/es\/wp-json\/wp\/v2\/product\/4077","targetHints":{"allow":["GET"]}}],"collection":[{"href":"https:\/\/viajesanitadubai.com\/es\/wp-json\/wp\/v2\/product"}],"about":[{"href":"https:\/\/viajesanitadubai.com\/es\/wp-json\/wp\/v2\/types\/product"}],"wp:featuredmedia":[{"embeddable":true,"href":"https:\/\/viajesanitadubai.com\/es\/wp-json\/wp\/v2\/media\/4079"}],"wp:attachment":[{"href":"https:\/\/viajesanitadubai.com\/es\/wp-json\/wp\/v2\/media?parent=4077"}],"wp:term":[{"taxonomy":"product_brand","embeddable":true,"href":"https:\/\/viajesanitadubai.com\/es\/wp-json\/wp\/v2\/product_brand?post=4077"},{"taxonomy":"product_cat","embeddable":true,"href":"https:\/\/viajesanitadubai.com\/es\/wp-json\/wp\/v2\/product_cat?post=4077"},{"taxonomy":"product_tag","embeddable":true,"href":"https:\/\/viajesanitadubai.com\/es\/wp-json\/wp\/v2\/product_tag?post=4077"}],"curies":[{"name":"wp","href":"https:\/\/api.w.org\/{rel}","templated":true}]}}