{"id":4018,"date":"2025-01-20T20:53:30","date_gmt":"2025-01-20T20:53:30","guid":{"rendered":"https:\/\/viajesanitadubai.com\/?post_type=product&#038;p=4018"},"modified":"2025-01-20T21:21:29","modified_gmt":"2025-01-20T21:21:29","slug":"amazing-adventures-amusement-parks-emirates","status":"publish","type":"product","link":"https:\/\/viajesanitadubai.com\/es\/producto\/amazing-adventures-amusement-parks-emirates\/","title":{"rendered":"Aventuras incre\u00edbles: Parques de atracciones en Emiratos"},"content":{"rendered":"<p>PARQUE DUB\u00c1I-ABU DHABI<br \/>\n9 D\u00cdAS Y 8 NOCHES<br \/>\n\u201cParques y aventuras en los EAU\u201d.<br \/>\n\u201cParques y Aventuras en EAU: vive emociones, diversi\u00f3n y magia en Dubai y Abu Dhabi - \u00a1Parques y Aventuras en EAU!\u201d<br \/>\nDEL 13 AL 21 DE SEPTIEMBRE DE 2025<\/p>\n<p>Precio en habitaci\u00f3n doble por persona desde $1540<\/p>\n<p><strong><br \/>\nEl paquete incluye:<\/strong><\/p>\n<ul>\n<li>Traslado de llegada desde el aeropuerto de Dubai al hotel en privado.<\/li>\n<li>6 Noches de hotel en Dubai con desayuno diario<\/li>\n<li>2 Noches de hotel en Abu Dhabi con desayuno diario<\/li>\n<li>Visita cl\u00e1sica de medio d\u00eda a la ciudad de Dubai con gu\u00eda de habla inglesa - (s\u00e1bado, lunes o mi\u00e9rcoles)<\/li>\n<li>Visita de d\u00eda completo a la ciudad de Abu Dhabi con gu\u00eda de habla inglesa - (martes, jueves o s\u00e1bado)<\/li>\n<li>Safari por el desierto est\u00e1ndar con cena barbacoa (veh\u00edculo 4\u00d74 6 personas m\u00e1x. Conductor de habla inglesa)<\/li>\n<li>Entrada al parque Aquaventure con traslados<\/li>\n<li>Entrada a IMG Worlds of Adventure con traslados<\/li>\n<li>Entrada a Warner Bross<\/li>\n<li>Entrada al parque Ferrari World<\/li>\n<li>Traslado de salida desde el hotel en Abu Dhabi al aeropuerto de Dubai con traslados privados.<\/li>\n<li>Entrada al parque de Dub\u00e1i (Dos Parques)<\/li>\n<li>Visa de los Emiratos (seg\u00fan la nacionalidad)<\/li>\n<li>IVA<\/li>\n<\/ul>\n<p><strong><br \/>\nNo incluido:<\/strong><\/p>\n<ul>\n<li>Ticket internacional.<\/li>\n<li>Gastos personales.<\/li>\n<li>Excursiones opcionales.<\/li>\n<li>Cualquier servicio no especificado.<\/li>\n<li>Alimentos y bebidas no especificados<\/li>\n<li>Propinas para conductor, gu\u00eda, porteador, representante, etc. USD 25,00 por persona en Dub\u00e1i<\/li>\n<\/ul>\n<p><strong><br \/>\nNotas importantes:<\/strong><\/p>\n<ul>\n<li>Tarifas sujetas a cambio y disponibilidad sin previo aviso.<\/li>\n<li>Pasaporte v\u00e1lido por al menos 6 meses a la fecha del viaje.<\/li>\n<li>Las tarifas no son reembolsables\/no son transferibles\/no son endosables.<\/li>\n<li>Se aplica penalizaci\u00f3n por cambio<\/li>\n<li>90 d\u00edas antes del viaje pago del 50%<\/li>\n<li>45 d\u00edas antes del viaje pago total<\/li>\n<\/ul>\n<p>&nbsp;<\/p>\n<p>\u201cParques y Aventuras en EAU: experimenta una diversi\u00f3n \u00fanica en Dubai y Abu Dhabi - \u00a1descubre la magia ahora!\u201d<\/p>","protected":false},"excerpt":{"rendered":"<p>DUBAI-ABU DHABI PARK 9 DAYS AND 8 NIGHTS \u201cParks and Adventures in UAE\u201d. \u201cParks and Adventures in UAE: experience thrills, fun and magic in Dubai and Abu Dhabi &#8211; Parks and Adventures in UAE!\u201d SEPTEMBER 13 TO 21, 2025 Price in double room per person from $1540 Package includes: Arrival transfer from Dubai airport to [&hellip;]<\/p>\n","protected":false},"featured_media":4019,"template":"","meta":{"_acf_changed":false,"inline_featured_image":false},"product_brand":[],"product_cat":[320,325],"product_tag":[],"class_list":{"0":"post-4018","1":"product","2":"type-product","3":"status-publish","4":"has-post-thumbnail","6":"product_cat-all-category","7":"product_cat-dubai","9":"first","10":"instock","11":"virtual","12":"purchasable","13":"product-type-simple"},"acf":[],"_links":{"self":[{"href":"https:\/\/viajesanitadubai.com\/es\/wp-json\/wp\/v2\/product\/4018","targetHints":{"allow":["GET"]}}],"collection":[{"href":"https:\/\/viajesanitadubai.com\/es\/wp-json\/wp\/v2\/product"}],"about":[{"href":"https:\/\/viajesanitadubai.com\/es\/wp-json\/wp\/v2\/types\/product"}],"wp:featuredmedia":[{"embeddable":true,"href":"https:\/\/viajesanitadubai.com\/es\/wp-json\/wp\/v2\/media\/4019"}],"wp:attachment":[{"href":"https:\/\/viajesanitadubai.com\/es\/wp-json\/wp\/v2\/media?parent=4018"}],"wp:term":[{"taxonomy":"product_brand","embeddable":true,"href":"https:\/\/viajesanitadubai.com\/es\/wp-json\/wp\/v2\/product_brand?post=4018"},{"taxonomy":"product_cat","embeddable":true,"href":"https:\/\/viajesanitadubai.com\/es\/wp-json\/wp\/v2\/product_cat?post=4018"},{"taxonomy":"product_tag","embeddable":true,"href":"https:\/\/viajesanitadubai.com\/es\/wp-json\/wp\/v2\/product_tag?post=4018"}],"curies":[{"name":"wp","href":"https:\/\/api.w.org\/{rel}","templated":true}]}}