{"id":3469,"date":"2024-08-23T17:37:27","date_gmt":"2024-08-23T17:37:27","guid":{"rendered":"https:\/\/viajesanitadubai.com\/?post_type=product&#038;p=3469"},"modified":"2024-09-06T21:52:20","modified_gmt":"2024-09-06T21:52:20","slug":"amazing-adventures-amusement-parks-in-emirates","status":"publish","type":"product","link":"https:\/\/viajesanitadubai.com\/es\/producto\/amazing-adventures-amusement-parks-in-emirates\/","title":{"rendered":"Aventuras incre\u00edbles: Parques de atracciones en Emiratos"},"content":{"rendered":"<p><strong>PARQUE DUB\u00c1I-ABU DHABI<\/strong><br \/>\n9 D\u00cdAS Y 8 NOCHES<br \/>\n<strong>1 OCT 2024 TO 30 APRIL 2025<\/strong><\/p>\n<p><strong>Epic Parks<\/strong>: Adventures in <strong>Emirates<\/strong><\/p>\n<p><strong>\u00a1Explora<\/strong> incredible adventures in the <strong>amusement<\/strong> <strong>parks<\/strong> in the <strong>Emirates<\/strong>. Experience thrills at amusement parks in Emirates.<\/p>\n<p><strong>Price<\/strong> per <strong>person<\/strong> en <strong>Double<\/strong> from USD1919\/AED7043.00.<\/p>\n<p><strong><br \/>\nEl paquete incluye<\/strong>:<\/p>\n<ul>\n<li>Arrival transfer from Dubai airport to the hotel in private.<\/li>\n<li>6 Nights at the hotel in Dubai with Daily Breakfast<\/li>\n<li>2 Noches de hotel en Abu Dhabi con desayuno diario<\/li>\n<li>Visita cl\u00e1sica de medio d\u00eda a la ciudad de Dubai con gu\u00eda de habla inglesa - (s\u00e1bado, lunes o mi\u00e9rcoles)<\/li>\n<li>Visita de d\u00eda completo a la ciudad de Abu Dhabi con gu\u00eda de habla inglesa - (martes, jueves o s\u00e1bado)<\/li>\n<li>Safari por el desierto est\u00e1ndar con cena barbacoa (veh\u00edculo 4\u00d74 6 personas m\u00e1x. Conductor de habla inglesa)<\/li>\n<li>\u00a0Entrada al parque Aquaventure con traslados<\/li>\n<li>Entrada a IMG Worlds of Adventure con traslados<\/li>\n<li>Entrada a Warner Bross<\/li>\n<li>Entrada al parque Ferrari World<\/li>\n<li>Traslado de salida desde el hotel en Abu Dhabi al aeropuerto de Dubai con traslados privados.<\/li>\n<li>Entrada al parque de Dub\u00e1i (Dos Parques)<\/li>\n<li>Tourist Dirham included in Hotel in Dubai and Abu Dhabi<\/li>\n<li>Emirates Visa<\/li>\n<li>IVA<\/li>\n<\/ul>\n<p>&nbsp;<\/p>\n<p><strong>No incluido<\/strong>:<\/p>\n<ul>\n<li>International ticket<\/li>\n<li>\u00a0Gastos personales.<\/li>\n<li>Excursiones opcionales.<\/li>\n<li>Cualquier servicio no especificado.<\/li>\n<li>Alimentos y bebidas no especificados<\/li>\n<li>Tips for driver, guide, porter, representative ect USD25.00 per person Dubai<\/li>\n<\/ul>\n<p><strong><br \/>\nNotas importantes<\/strong>:<\/p>\n<ul>\n<li>Tarifas sujetas a cambio y disponibilidad sin previo aviso.<\/li>\n<li>Pasaporte v\u00e1lido por al menos 6 meses a la fecha del viaje.<\/li>\n<li>Las tarifas no son reembolsables, no son transferibles ni endosables.<\/li>\n<li>Se aplica penalizaci\u00f3n por cambio<\/li>\n<li>90 d\u00edas antes del viaje pago del 50%<\/li>\n<li>45 days prior to trip full payment<\/li>\n<\/ul>\n<p>&nbsp;<\/p>\n<p><strong>\u201cAmazing adventures in Emirates: explore the best amusement parks and experience unique thrills.\u201d<\/strong><\/p>","protected":false},"excerpt":{"rendered":"<p>DUBAI-ABU DHABI PARK 9 DAYS AND 8 NIGHTS 1 OCT 2024 TO 30 APRIL 2025 Epic Parks: Adventures in Emirates Explore incredible adventures in the amusement parks in the Emirates. Experience thrills at amusement parks in Emirates. Price per person in Double from USD1919\/AED7043.00. Package includes: Arrival transfer from Dubai airport to the hotel in [&hellip;]<\/p>\n","protected":false},"featured_media":3485,"template":"","meta":{"_acf_changed":false,"inline_featured_image":false},"product_brand":[],"product_cat":[320,341,325],"product_tag":[],"class_list":{"0":"post-3469","1":"product","2":"type-product","3":"status-publish","4":"has-post-thumbnail","6":"product_cat-all-category","7":"product_cat-cotizar","8":"product_cat-dubai","10":"first","11":"instock","12":"shipping-taxable","13":"product-type-simple"},"acf":[],"_links":{"self":[{"href":"https:\/\/viajesanitadubai.com\/es\/wp-json\/wp\/v2\/product\/3469","targetHints":{"allow":["GET"]}}],"collection":[{"href":"https:\/\/viajesanitadubai.com\/es\/wp-json\/wp\/v2\/product"}],"about":[{"href":"https:\/\/viajesanitadubai.com\/es\/wp-json\/wp\/v2\/types\/product"}],"wp:featuredmedia":[{"embeddable":true,"href":"https:\/\/viajesanitadubai.com\/es\/wp-json\/wp\/v2\/media\/3485"}],"wp:attachment":[{"href":"https:\/\/viajesanitadubai.com\/es\/wp-json\/wp\/v2\/media?parent=3469"}],"wp:term":[{"taxonomy":"product_brand","embeddable":true,"href":"https:\/\/viajesanitadubai.com\/es\/wp-json\/wp\/v2\/product_brand?post=3469"},{"taxonomy":"product_cat","embeddable":true,"href":"https:\/\/viajesanitadubai.com\/es\/wp-json\/wp\/v2\/product_cat?post=3469"},{"taxonomy":"product_tag","embeddable":true,"href":"https:\/\/viajesanitadubai.com\/es\/wp-json\/wp\/v2\/product_tag?post=3469"}],"curies":[{"name":"wp","href":"https:\/\/api.w.org\/{rel}","templated":true}]}}