{"id":572,"date":"2022-01-30T16:49:32","date_gmt":"2022-01-30T16:49:32","guid":{"rendered":"https:\/\/viajesanitadubai.com\/?page_id=572"},"modified":"2025-01-20T22:34:59","modified_gmt":"2025-01-20T22:34:59","slug":"about-us","status":"publish","type":"page","link":"https:\/\/viajesanitadubai.com\/es\/about-us\/","title":{"rendered":"Nosotros"},"content":{"rendered":"<div data-elementor-type=\"wp-page\" data-elementor-id=\"572\" class=\"elementor elementor-572\" data-elementor-post-type=\"page\">\n\t\t\t\t\t\t<section class=\"elementor-section elementor-top-section elementor-element elementor-element-90cad27 elementor-section-height-min-height elementor-section-full_width elementor-section-content-middle elementor-section-height-default elementor-section-items-middle\" data-id=\"90cad27\" data-element_type=\"section\" data-e-type=\"section\" data-settings=\"{&quot;background_background&quot;:&quot;classic&quot;,&quot;shape_divider_bottom&quot;:&quot;mountains&quot;}\">\n\t\t\t\t\t\t\t<div class=\"elementor-background-overlay\"><\/div>\n\t\t\t\t\t\t<div class=\"elementor-shape elementor-shape-bottom\" aria-hidden=\"true\" data-negative=\"false\">\n\t\t\t<svg xmlns=\"http:\/\/www.w3.org\/2000\/svg\" viewbox=\"0 0 1000 100\" preserveaspectratio=\"none\">\n\t<path class=\"elementor-shape-fill\" opacity=\"0.33\" d=\"M473,67.3c-203.9,88.3-263.1-34-320.3,0C66,119.1,0,59.7,0,59.7V0h1000v59.7 c0,0-62.1,26.1-94.9,29.3c-32.8,3.3-62.8-12.3-75.8-22.1C806,49.6,745.3,8.7,694.9,4.7S492.4,59,473,67.3z\"\/>\n\t<path class=\"elementor-shape-fill\" opacity=\"0.66\" d=\"M734,67.3c-45.5,0-77.2-23.2-129.1-39.1c-28.6-8.7-150.3-10.1-254,39.1 s-91.7-34.4-149.2,0C115.7,118.3,0,39.8,0,39.8V0h1000v36.5c0,0-28.2-18.5-92.1-18.5C810.2,18.1,775.7,67.3,734,67.3z\"\/>\n\t<path class=\"elementor-shape-fill\" d=\"M766.1,28.9c-200-57.5-266,65.5-395.1,19.5C242,1.8,242,5.4,184.8,20.6C128,35.8,132.3,44.9,89.9,52.5C28.6,63.7,0,0,0,0 h1000c0,0-9.9,40.9-83.6,48.1S829.6,47,766.1,28.9z\"\/>\n<\/svg>\t\t<\/div>\n\t\t\t\t\t<div class=\"elementor-container elementor-column-gap-no\">\n\t\t\t\t\t<div class=\"elementor-column elementor-col-100 elementor-top-column elementor-element elementor-element-9f640c0\" data-id=\"9f640c0\" data-element_type=\"column\" data-e-type=\"column\">\n\t\t\t<div class=\"elementor-widget-wrap elementor-element-populated\">\n\t\t\t\t\t\t\t<\/div>\n\t\t<\/div>\n\t\t\t\t\t<\/div>\n\t\t<\/section>\n\t\t\t\t<section class=\"elementor-section elementor-top-section elementor-element elementor-element-fd32959 elementor-section-boxed elementor-section-height-default elementor-section-height-default\" data-id=\"fd32959\" data-element_type=\"section\" data-e-type=\"section\">\n\t\t\t\t\t\t<div class=\"elementor-container elementor-column-gap-default\">\n\t\t\t\t\t<div class=\"elementor-column elementor-col-100 elementor-top-column elementor-element elementor-element-4b5eaac\" data-id=\"4b5eaac\" data-element_type=\"column\" data-e-type=\"column\">\n\t\t\t<div class=\"elementor-widget-wrap elementor-element-populated\">\n\t\t\t\t\t\t<div class=\"elementor-element elementor-element-6ea1ab1 elementor-widget elementor-widget-heading\" data-id=\"6ea1ab1\" data-element_type=\"widget\" data-e-type=\"widget\" data-widget_type=\"heading.default\">\n\t\t\t\t<div class=\"elementor-widget-container\">\n\t\t\t\t\t<h2 class=\"elementor-heading-title elementor-size-default\">Viajes Anita Dub\u00e1i <\/h2>\t\t\t\t<\/div>\n\t\t\t\t<\/div>\n\t\t\t\t<div class=\"elementor-element elementor-element-115a8af elementor-widget elementor-widget-text-editor\" data-id=\"115a8af\" data-element_type=\"widget\" data-e-type=\"widget\" data-widget_type=\"text-editor.default\">\n\t\t\t\t<div class=\"elementor-widget-container\">\n\t\t\t\t\t\t\t\t\t<p><strong>Viajes Anita Dub\u00e1i<\/strong> naci\u00f3 con el prop\u00f3sito de hacer realidad el sue\u00f1o de todos de un viaje perfecto. Nos enorgullecemos de brindar un servicio al cliente excepcional y soluciones innovadoras que permiten que todos disfruten de unas vacaciones, un viaje de negocios o una ocasi\u00f3n especial perfectas. Nos esforzamos para garantizar que su viaje sea lo m\u00e1s c\u00f3modo posible para que pueda disfrutarlo de principio a fin. Nos encargamos de cada detalle para que pueda disfrutar de su valioso tiempo con familiares, amigos y colegas mientras se dirige a su destino final.<\/p><p>Cuenta con nosotros para hacer de tu nueva aventura, una que nunca olvidar\u00e1s. <b>Somos el compa\u00f1ero de viaje ideal para aquellos que buscan planes de viaje rentables y sin complicaciones.<\/b><\/p><p>Nuestro compromiso con nuestros clientes y nuestros valores fundamentales nos diferencian del resto. Trabajamos arduamente para mantenernos siempre al d\u00eda con las \u00faltimas tendencias, noticias de salud relacionadas con los viajes y las regulaciones nacionales para su seguridad.<\/p><p><b>Nuestros expertos en viajes<\/b> le ayudar\u00e1n a crear recuerdos inolvidables. Adem\u00e1s, en viajes de negocios, le brindar\u00e1n asesoramiento profesional que le ayudar\u00e1 a optimizar el tiempo y los recursos de su empresa. Puede contar con <strong>Viajes Anita Dub\u00e1i<\/strong> para construir relaciones s\u00f3lidas con aerol\u00edneas de alta gama, hoteles, compa\u00f1\u00edas de alquiler de autom\u00f3viles y transporte privado, as\u00ed como lugares importantes para sus eventos especiales o corporativos. Con cada paquete de viaje hecho por nosotros, encontrar\u00e1 comodidad, precios asequibles, excelente servicio al cliente  y mucho m\u00e1s.<\/p><p>Buscamos constantemente nuevos destinos para satisfacer el exigente gusto de nuestros clientes.<b> <br \/>Rod\u00e9ese de personal lujoso, dedicado y multiling\u00fce y<\/b> descubra los tesoros ocultos que encierran Dub\u00e1i y el resto del mundo.<\/p>\t\t\t\t\t\t\t\t<\/div>\n\t\t\t\t<\/div>\n\t\t\t\t<section class=\"elementor-section elementor-inner-section elementor-element elementor-element-f132eb1 elementor-section-full_width elementor-section-height-default elementor-section-height-default\" data-id=\"f132eb1\" data-element_type=\"section\" data-e-type=\"section\" data-settings=\"{&quot;background_background&quot;:&quot;classic&quot;}\">\n\t\t\t\t\t\t<div class=\"elementor-container elementor-column-gap-default\">\n\t\t\t\t\t<div class=\"elementor-column elementor-col-33 elementor-inner-column elementor-element elementor-element-fce9785\" data-id=\"fce9785\" data-element_type=\"column\" data-e-type=\"column\">\n\t\t\t<div class=\"elementor-widget-wrap elementor-element-populated\">\n\t\t\t\t\t\t<div class=\"elementor-element elementor-element-8e2fd00 elementor-position-top elementor-widget elementor-widget-image-box\" data-id=\"8e2fd00\" data-element_type=\"widget\" data-e-type=\"widget\" data-widget_type=\"image-box.default\">\n\t\t\t\t<div class=\"elementor-widget-container\">\n\t\t\t\t\t<div class=\"elementor-image-box-wrapper\"><figure class=\"elementor-image-box-img\"><img fetchpriority=\"high\" decoding=\"async\" width=\"800\" height=\"534\" src=\"https:\/\/viajesanitadubai.com\/wp-content\/uploads\/2022\/06\/airport-transfers-about.jpg\" class=\"attachment-full size-full wp-image-1745\" alt=\"Passengers boarding an airport transfer vehicle in Dubai\" srcset=\"https:\/\/viajesanitadubai.com\/wp-content\/uploads\/2022\/06\/airport-transfers-about.jpg 800w, https:\/\/viajesanitadubai.com\/wp-content\/uploads\/2022\/06\/airport-transfers-about-300x200.jpg 300w, https:\/\/viajesanitadubai.com\/wp-content\/uploads\/2022\/06\/airport-transfers-about-600x401.jpg 600w, https:\/\/viajesanitadubai.com\/wp-content\/uploads\/2022\/06\/airport-transfers-about-768x513.jpg 768w, https:\/\/viajesanitadubai.com\/wp-content\/uploads\/2022\/06\/airport-transfers-about-18x12.jpg 18w\" sizes=\"(max-width: 800px) 100vw, 800px\" \/><\/figure><div class=\"elementor-image-box-content\"><h3 class=\"elementor-image-box-title\">Traslados al aeropuerto<\/h3><p class=\"elementor-image-box-description\">Reserve en l\u00ednea en nuestro sitio web su traslado al aeropuerto y ahorre tiempo y dinero.<\/p><\/div><\/div>\t\t\t\t<\/div>\n\t\t\t\t<\/div>\n\t\t\t\t\t<\/div>\n\t\t<\/div>\n\t\t\t\t<div class=\"elementor-column elementor-col-33 elementor-inner-column elementor-element elementor-element-7c83a7d\" data-id=\"7c83a7d\" data-element_type=\"column\" data-e-type=\"column\">\n\t\t\t<div class=\"elementor-widget-wrap elementor-element-populated\">\n\t\t\t\t\t\t<div class=\"elementor-element elementor-element-9352dd6 elementor-position-top elementor-widget elementor-widget-image-box\" data-id=\"9352dd6\" data-element_type=\"widget\" data-e-type=\"widget\" data-widget_type=\"image-box.default\">\n\t\t\t\t<div class=\"elementor-widget-container\">\n\t\t\t\t\t<div class=\"elementor-image-box-wrapper\"><figure class=\"elementor-image-box-img\"><img decoding=\"async\" width=\"800\" height=\"534\" src=\"https:\/\/viajesanitadubai.com\/wp-content\/uploads\/2022\/06\/corporate-travel-agent-about.jpg\" class=\"attachment-full size-full wp-image-1746\" alt=\"Corporate Travel Agent Assisting Business Client\" srcset=\"https:\/\/viajesanitadubai.com\/wp-content\/uploads\/2022\/06\/corporate-travel-agent-about.jpg 800w, https:\/\/viajesanitadubai.com\/wp-content\/uploads\/2022\/06\/corporate-travel-agent-about-300x200.jpg 300w, https:\/\/viajesanitadubai.com\/wp-content\/uploads\/2022\/06\/corporate-travel-agent-about-600x401.jpg 600w, https:\/\/viajesanitadubai.com\/wp-content\/uploads\/2022\/06\/corporate-travel-agent-about-768x513.jpg 768w, https:\/\/viajesanitadubai.com\/wp-content\/uploads\/2022\/06\/corporate-travel-agent-about-18x12.jpg 18w\" sizes=\"(max-width: 800px) 100vw, 800px\" \/><\/figure><div class=\"elementor-image-box-content\"><h3 class=\"elementor-image-box-title\">Agente de Viajes Corporativos<\/h3><p class=\"elementor-image-box-description\">Nuestros agentes de viajes corporativos dedicados le ayudar\u00e1n a realizar planes de viaje asequibles y sin complicaciones.<\/p><\/div><\/div>\t\t\t\t<\/div>\n\t\t\t\t<\/div>\n\t\t\t\t\t<\/div>\n\t\t<\/div>\n\t\t\t\t<div class=\"elementor-column elementor-col-33 elementor-inner-column elementor-element elementor-element-82a63e5\" data-id=\"82a63e5\" data-element_type=\"column\" data-e-type=\"column\">\n\t\t\t<div class=\"elementor-widget-wrap elementor-element-populated\">\n\t\t\t\t\t\t<div class=\"elementor-element elementor-element-32dc9b6 elementor-position-top elementor-widget elementor-widget-image-box\" data-id=\"32dc9b6\" data-element_type=\"widget\" data-e-type=\"widget\" data-widget_type=\"image-box.default\">\n\t\t\t\t<div class=\"elementor-widget-container\">\n\t\t\t\t\t<div class=\"elementor-image-box-wrapper\"><figure class=\"elementor-image-box-img\"><img decoding=\"async\" width=\"800\" height=\"534\" src=\"https:\/\/viajesanitadubai.com\/wp-content\/uploads\/2022\/06\/hotel-booking-about.jpg\" class=\"attachment-full size-full wp-image-1747\" alt=\"Luxury hotel room with comfortable bed and modern decor for booking in Dubai\" srcset=\"https:\/\/viajesanitadubai.com\/wp-content\/uploads\/2022\/06\/hotel-booking-about.jpg 800w, https:\/\/viajesanitadubai.com\/wp-content\/uploads\/2022\/06\/hotel-booking-about-300x200.jpg 300w, https:\/\/viajesanitadubai.com\/wp-content\/uploads\/2022\/06\/hotel-booking-about-600x401.jpg 600w, https:\/\/viajesanitadubai.com\/wp-content\/uploads\/2022\/06\/hotel-booking-about-768x513.jpg 768w, https:\/\/viajesanitadubai.com\/wp-content\/uploads\/2022\/06\/hotel-booking-about-18x12.jpg 18w\" sizes=\"(max-width: 800px) 100vw, 800px\" \/><\/figure><div class=\"elementor-image-box-content\"><h3 class=\"elementor-image-box-title\">Reserva de Hotel<\/h3><p class=\"elementor-image-box-description\">Reserva con confianza. Nuestros agentes de atenci\u00f3n al cliente est\u00e1n disponibles las 24 horas del d\u00eda, los 7 d\u00edas de la semana para encargarse de los arreglos de reserva de su hotel.<\/p><\/div><\/div>\t\t\t\t<\/div>\n\t\t\t\t<\/div>\n\t\t\t\t\t<\/div>\n\t\t<\/div>\n\t\t\t\t\t<\/div>\n\t\t<\/section>\n\t\t\t\t<section class=\"elementor-section elementor-inner-section elementor-element elementor-element-f794fa6 elementor-section-boxed elementor-section-height-default elementor-section-height-default\" data-id=\"f794fa6\" data-element_type=\"section\" data-e-type=\"section\" data-settings=\"{&quot;background_background&quot;:&quot;classic&quot;}\">\n\t\t\t\t\t\t<div class=\"elementor-container elementor-column-gap-default\">\n\t\t\t\t\t<div class=\"elementor-column elementor-col-33 elementor-inner-column elementor-element elementor-element-5d4b684\" data-id=\"5d4b684\" data-element_type=\"column\" data-e-type=\"column\">\n\t\t\t<div class=\"elementor-widget-wrap elementor-element-populated\">\n\t\t\t\t\t\t<div class=\"elementor-element elementor-element-9910268 elementor-position-top elementor-widget elementor-widget-image-box\" data-id=\"9910268\" data-element_type=\"widget\" data-e-type=\"widget\" data-widget_type=\"image-box.default\">\n\t\t\t\t<div class=\"elementor-widget-container\">\n\t\t\t\t\t<div class=\"elementor-image-box-wrapper\"><figure class=\"elementor-image-box-img\"><img loading=\"lazy\" decoding=\"async\" width=\"800\" height=\"534\" src=\"https:\/\/viajesanitadubai.com\/wp-content\/uploads\/2022\/06\/flights-ticketing-about.jpg\" class=\"attachment-full size-full wp-image-1748\" alt=\"Affordable flight ticket booking services by Viajes Anita Dubai\" srcset=\"https:\/\/viajesanitadubai.com\/wp-content\/uploads\/2022\/06\/flights-ticketing-about.jpg 800w, https:\/\/viajesanitadubai.com\/wp-content\/uploads\/2022\/06\/flights-ticketing-about-300x200.jpg 300w, https:\/\/viajesanitadubai.com\/wp-content\/uploads\/2022\/06\/flights-ticketing-about-600x401.jpg 600w, https:\/\/viajesanitadubai.com\/wp-content\/uploads\/2022\/06\/flights-ticketing-about-768x513.jpg 768w, https:\/\/viajesanitadubai.com\/wp-content\/uploads\/2022\/06\/flights-ticketing-about-18x12.jpg 18w\" sizes=\"(max-width: 800px) 100vw, 800px\" \/><\/figure><div class=\"elementor-image-box-content\"><h3 class=\"elementor-image-box-title\">Vuelos - Venta de boletos<\/h3><p class=\"elementor-image-box-description\">Reserva vuelos de bajo coste a cualquier pa\u00eds del mundo. <\/p><\/div><\/div>\t\t\t\t<\/div>\n\t\t\t\t<\/div>\n\t\t\t\t\t<\/div>\n\t\t<\/div>\n\t\t\t\t<div class=\"elementor-column elementor-col-33 elementor-inner-column elementor-element elementor-element-4542a67\" data-id=\"4542a67\" data-element_type=\"column\" data-e-type=\"column\">\n\t\t\t<div class=\"elementor-widget-wrap elementor-element-populated\">\n\t\t\t\t\t\t<div class=\"elementor-element elementor-element-f03ffe9 elementor-position-top elementor-widget elementor-widget-image-box\" data-id=\"f03ffe9\" data-element_type=\"widget\" data-e-type=\"widget\" data-widget_type=\"image-box.default\">\n\t\t\t\t<div class=\"elementor-widget-container\">\n\t\t\t\t\t<div class=\"elementor-image-box-wrapper\"><figure class=\"elementor-image-box-img\"><img loading=\"lazy\" decoding=\"async\" width=\"800\" height=\"534\" src=\"https:\/\/viajesanitadubai.com\/wp-content\/uploads\/2022\/06\/limousine-service-about.jpg\" class=\"attachment-full size-full wp-image-1749\" alt=\"Elegant and stylish limousine service in Dubai providing premium travel experience\" srcset=\"https:\/\/viajesanitadubai.com\/wp-content\/uploads\/2022\/06\/limousine-service-about.jpg 800w, https:\/\/viajesanitadubai.com\/wp-content\/uploads\/2022\/06\/limousine-service-about-300x200.jpg 300w, https:\/\/viajesanitadubai.com\/wp-content\/uploads\/2022\/06\/limousine-service-about-600x401.jpg 600w, https:\/\/viajesanitadubai.com\/wp-content\/uploads\/2022\/06\/limousine-service-about-768x513.jpg 768w, https:\/\/viajesanitadubai.com\/wp-content\/uploads\/2022\/06\/limousine-service-about-18x12.jpg 18w\" sizes=\"(max-width: 800px) 100vw, 800px\" \/><\/figure><div class=\"elementor-image-box-content\"><h3 class=\"elementor-image-box-title\">Servicio de Limusina<\/h3><p class=\"elementor-image-box-description\">Viaje con estilo con nuestro servicio de limusinas.\nSea el centro de atenci\u00f3n al llegar en una lujosa limusina.<\/p><\/div><\/div>\t\t\t\t<\/div>\n\t\t\t\t<\/div>\n\t\t\t\t\t<\/div>\n\t\t<\/div>\n\t\t\t\t<div class=\"elementor-column elementor-col-33 elementor-inner-column elementor-element elementor-element-5223d97\" data-id=\"5223d97\" data-element_type=\"column\" data-e-type=\"column\">\n\t\t\t<div class=\"elementor-widget-wrap elementor-element-populated\">\n\t\t\t\t\t\t<div class=\"elementor-element elementor-element-2db2bad elementor-position-top elementor-widget elementor-widget-image-box\" data-id=\"2db2bad\" data-element_type=\"widget\" data-e-type=\"widget\" data-widget_type=\"image-box.default\">\n\t\t\t\t<div class=\"elementor-widget-container\">\n\t\t\t\t\t<div class=\"elementor-image-box-wrapper\"><figure class=\"elementor-image-box-img\"><img loading=\"lazy\" decoding=\"async\" width=\"800\" height=\"534\" src=\"https:\/\/viajesanitadubai.com\/wp-content\/uploads\/2022\/06\/rent-a-car-about.jpg\" class=\"attachment-full size-full wp-image-1750\" alt=\"Reliable car rental services in Dubai\" srcset=\"https:\/\/viajesanitadubai.com\/wp-content\/uploads\/2022\/06\/rent-a-car-about.jpg 800w, https:\/\/viajesanitadubai.com\/wp-content\/uploads\/2022\/06\/rent-a-car-about-300x200.jpg 300w, https:\/\/viajesanitadubai.com\/wp-content\/uploads\/2022\/06\/rent-a-car-about-600x401.jpg 600w, https:\/\/viajesanitadubai.com\/wp-content\/uploads\/2022\/06\/rent-a-car-about-768x513.jpg 768w, https:\/\/viajesanitadubai.com\/wp-content\/uploads\/2022\/06\/rent-a-car-about-18x12.jpg 18w\" sizes=\"(max-width: 800px) 100vw, 800px\" \/><\/figure><div class=\"elementor-image-box-content\"><h3 class=\"elementor-image-box-title\">Alquiler de Coches<\/h3><p class=\"elementor-image-box-description\">We offer you affordable rent-a-car services so you can enjoy driving around town without having to depend on public transportation.<\/p><\/div><\/div>\t\t\t\t<\/div>\n\t\t\t\t<\/div>\n\t\t\t\t\t<\/div>\n\t\t<\/div>\n\t\t\t\t\t<\/div>\n\t\t<\/section>\n\t\t\t\t\t<\/div>\n\t\t<\/div>\n\t\t\t\t\t<\/div>\n\t\t<\/section>\n\t\t\t\t<section class=\"elementor-section elementor-top-section elementor-element elementor-element-e3e4262 elementor-section-boxed elementor-section-height-default elementor-section-height-default\" data-id=\"e3e4262\" data-element_type=\"section\" data-e-type=\"section\">\n\t\t\t\t\t\t<div class=\"elementor-container elementor-column-gap-default\">\n\t\t\t\t\t<div class=\"elementor-column elementor-col-100 elementor-top-column elementor-element elementor-element-cc9ecda\" data-id=\"cc9ecda\" data-element_type=\"column\" data-e-type=\"column\">\n\t\t\t<div class=\"elementor-widget-wrap elementor-element-populated\">\n\t\t\t\t\t\t<div class=\"elementor-element elementor-element-c53dd80 elementor-widget elementor-widget-heading\" data-id=\"c53dd80\" data-element_type=\"widget\" data-e-type=\"widget\" data-widget_type=\"heading.default\">\n\t\t\t\t<div class=\"elementor-widget-container\">\n\t\t\t\t\t<h2 class=\"elementor-heading-title elementor-size-default\">\u00bfPor qu\u00e9 elegir Viajes Anita Dubai?<\/h2>\t\t\t\t<\/div>\n\t\t\t\t<\/div>\n\t\t\t\t<section class=\"elementor-section elementor-inner-section elementor-element elementor-element-3bc73a6 elementor-section-boxed elementor-section-height-default elementor-section-height-default\" data-id=\"3bc73a6\" data-element_type=\"section\" data-e-type=\"section\">\n\t\t\t\t\t\t<div class=\"elementor-container elementor-column-gap-default\">\n\t\t\t\t\t<div class=\"elementor-column elementor-col-33 elementor-inner-column elementor-element elementor-element-a69c78b\" data-id=\"a69c78b\" data-element_type=\"column\" data-e-type=\"column\">\n\t\t\t<div class=\"elementor-widget-wrap elementor-element-populated\">\n\t\t\t\t\t\t<div class=\"elementor-element elementor-element-7d47d9c elementor-widget elementor-widget-image\" data-id=\"7d47d9c\" data-element_type=\"widget\" data-e-type=\"widget\" data-widget_type=\"image.default\">\n\t\t\t\t<div class=\"elementor-widget-container\">\n\t\t\t\t\t\t\t\t\t\t\t\t\t\t\t<img loading=\"lazy\" decoding=\"async\" width=\"700\" height=\"467\" src=\"https:\/\/viajesanitadubai.com\/wp-content\/uploads\/2022\/01\/why-1.jpg\" class=\"attachment-large size-large wp-image-507\" alt=\"Sunrise over the iconic Dubai skyline with Burj Khalifa\" srcset=\"https:\/\/viajesanitadubai.com\/wp-content\/uploads\/2022\/01\/why-1.jpg 700w, https:\/\/viajesanitadubai.com\/wp-content\/uploads\/2022\/01\/why-1-300x200.jpg 300w, https:\/\/viajesanitadubai.com\/wp-content\/uploads\/2022\/01\/why-1-600x400.jpg 600w, https:\/\/viajesanitadubai.com\/wp-content\/uploads\/2022\/01\/why-1-18x12.jpg 18w\" sizes=\"(max-width: 700px) 100vw, 700px\" \/>\t\t\t\t\t\t\t\t\t\t\t\t\t\t\t<\/div>\n\t\t\t\t<\/div>\n\t\t\t\t<div class=\"elementor-element elementor-element-5772a71 elementor-widget elementor-widget-heading\" data-id=\"5772a71\" data-element_type=\"widget\" data-e-type=\"widget\" data-widget_type=\"heading.default\">\n\t\t\t\t<div class=\"elementor-widget-container\">\n\t\t\t\t\t<h3 class=\"elementor-heading-title elementor-size-default\">Asesoramiento experto de nuestros agentes de viajes dedicados<\/h3>\t\t\t\t<\/div>\n\t\t\t\t<\/div>\n\t\t\t\t\t<\/div>\n\t\t<\/div>\n\t\t\t\t<div class=\"elementor-column elementor-col-33 elementor-inner-column elementor-element elementor-element-7560b4b\" data-id=\"7560b4b\" data-element_type=\"column\" data-e-type=\"column\">\n\t\t\t<div class=\"elementor-widget-wrap elementor-element-populated\">\n\t\t\t\t\t\t<div class=\"elementor-element elementor-element-3df74c3 elementor-widget elementor-widget-image\" data-id=\"3df74c3\" data-element_type=\"widget\" data-e-type=\"widget\" data-widget_type=\"image.default\">\n\t\t\t\t<div class=\"elementor-widget-container\">\n\t\t\t\t\t\t\t\t\t\t\t\t\t\t\t<img loading=\"lazy\" decoding=\"async\" width=\"700\" height=\"467\" src=\"https:\/\/viajesanitadubai.com\/wp-content\/uploads\/2022\/01\/why3.jpg\" class=\"attachment-large size-large wp-image-509\" alt=\"A panoramic view of Dubai&#039;s stunning skyline and luxurious landscapes\" srcset=\"https:\/\/viajesanitadubai.com\/wp-content\/uploads\/2022\/01\/why3.jpg 700w, https:\/\/viajesanitadubai.com\/wp-content\/uploads\/2022\/01\/why3-300x200.jpg 300w, https:\/\/viajesanitadubai.com\/wp-content\/uploads\/2022\/01\/why3-600x400.jpg 600w, https:\/\/viajesanitadubai.com\/wp-content\/uploads\/2022\/01\/why3-18x12.jpg 18w\" sizes=\"(max-width: 700px) 100vw, 700px\" \/>\t\t\t\t\t\t\t\t\t\t\t\t\t\t\t<\/div>\n\t\t\t\t<\/div>\n\t\t\t\t<div class=\"elementor-element elementor-element-a5a1d5d elementor-widget elementor-widget-heading\" data-id=\"a5a1d5d\" data-element_type=\"widget\" data-e-type=\"widget\" data-widget_type=\"heading.default\">\n\t\t\t\t<div class=\"elementor-widget-container\">\n\t\t\t\t\t<h3 class=\"elementor-heading-title elementor-size-default\">Soluciones de pago flexibles. Compre con confianza.<\/h3>\t\t\t\t<\/div>\n\t\t\t\t<\/div>\n\t\t\t\t\t<\/div>\n\t\t<\/div>\n\t\t\t\t<div class=\"elementor-column elementor-col-33 elementor-inner-column elementor-element elementor-element-0b59112\" data-id=\"0b59112\" data-element_type=\"column\" data-e-type=\"column\">\n\t\t\t<div class=\"elementor-widget-wrap elementor-element-populated\">\n\t\t\t\t\t\t<div class=\"elementor-element elementor-element-cf7e1cc elementor-widget elementor-widget-image\" data-id=\"cf7e1cc\" data-element_type=\"widget\" data-e-type=\"widget\" data-widget_type=\"image.default\">\n\t\t\t\t<div class=\"elementor-widget-container\">\n\t\t\t\t\t\t\t\t\t\t\t\t\t\t\t<img loading=\"lazy\" decoding=\"async\" width=\"700\" height=\"467\" src=\"https:\/\/viajesanitadubai.com\/wp-content\/uploads\/2022\/01\/why2.jpg\" class=\"attachment-large size-large wp-image-508\" alt=\"Sunset view of Dubai Burj Khalifa and city skyline\" srcset=\"https:\/\/viajesanitadubai.com\/wp-content\/uploads\/2022\/01\/why2.jpg 700w, https:\/\/viajesanitadubai.com\/wp-content\/uploads\/2022\/01\/why2-300x200.jpg 300w, https:\/\/viajesanitadubai.com\/wp-content\/uploads\/2022\/01\/why2-600x400.jpg 600w, https:\/\/viajesanitadubai.com\/wp-content\/uploads\/2022\/01\/why2-18x12.jpg 18w\" sizes=\"(max-width: 700px) 100vw, 700px\" \/>\t\t\t\t\t\t\t\t\t\t\t\t\t\t\t<\/div>\n\t\t\t\t<\/div>\n\t\t\t\t<div class=\"elementor-element elementor-element-85d9d68 elementor-widget elementor-widget-heading\" data-id=\"85d9d68\" data-element_type=\"widget\" data-e-type=\"widget\" data-widget_type=\"heading.default\">\n\t\t\t\t<div class=\"elementor-widget-container\">\n\t\t\t\t\t<h3 class=\"elementor-heading-title elementor-size-default\">Asistencia en la gesti\u00f3n de viajes. Cancele o reprograme su viaje sin problemas.<\/h3>\t\t\t\t<\/div>\n\t\t\t\t<\/div>\n\t\t\t\t\t<\/div>\n\t\t<\/div>\n\t\t\t\t\t<\/div>\n\t\t<\/section>\n\t\t\t\t<div class=\"elementor-element elementor-element-f623af7 elementor-align-center elementor-widget elementor-widget-button\" data-id=\"f623af7\" data-element_type=\"widget\" data-e-type=\"widget\" data-widget_type=\"button.default\">\n\t\t\t\t<div class=\"elementor-widget-container\">\n\t\t\t\t\t\t\t\t\t<div class=\"elementor-button-wrapper\">\n\t\t\t\t\t<a class=\"elementor-button elementor-button-link elementor-size-md\" href=\"https:\/\/viajesanitadubai.com\/es\/get-a-quote\/\">\n\t\t\t\t\t\t<span class=\"elementor-button-content-wrapper\">\n\t\t\t\t\t\t\t\t\t<span class=\"elementor-button-text\">\u00a1Reserva ahora!<\/span>\n\t\t\t\t\t<\/span>\n\t\t\t\t\t<\/a>\n\t\t\t\t<\/div>\n\t\t\t\t\t\t\t\t<\/div>\n\t\t\t\t<\/div>\n\t\t\t\t\t<\/div>\n\t\t<\/div>\n\t\t\t\t\t<\/div>\n\t\t<\/section>\n\t\t\t\t<\/div>","protected":false},"excerpt":{"rendered":"<p>Viajes Anita Dubai Viajes Anita Dubai was born with the purpose of making everyone\u2019s dream of the perfect trip come true. We pride ourselves in providing outstanding customer service and innovative solutions that allow everyone to enjoy the perfect vacation, business trip and special occasion. We work hard to ensure that your journey as your [&hellip;]<\/p>\n","protected":false},"author":10,"featured_media":0,"parent":0,"menu_order":0,"comment_status":"closed","ping_status":"closed","template":"","meta":{"_acf_changed":false,"inline_featured_image":false,"footnotes":""},"class_list":["post-572","page","type-page","status-publish","hentry"],"acf":[],"_links":{"self":[{"href":"https:\/\/viajesanitadubai.com\/es\/wp-json\/wp\/v2\/pages\/572","targetHints":{"allow":["GET"]}}],"collection":[{"href":"https:\/\/viajesanitadubai.com\/es\/wp-json\/wp\/v2\/pages"}],"about":[{"href":"https:\/\/viajesanitadubai.com\/es\/wp-json\/wp\/v2\/types\/page"}],"author":[{"embeddable":true,"href":"https:\/\/viajesanitadubai.com\/es\/wp-json\/wp\/v2\/users\/10"}],"replies":[{"embeddable":true,"href":"https:\/\/viajesanitadubai.com\/es\/wp-json\/wp\/v2\/comments?post=572"}],"version-history":[{"count":12,"href":"https:\/\/viajesanitadubai.com\/es\/wp-json\/wp\/v2\/pages\/572\/revisions"}],"predecessor-version":[{"id":4039,"href":"https:\/\/viajesanitadubai.com\/es\/wp-json\/wp\/v2\/pages\/572\/revisions\/4039"}],"wp:attachment":[{"href":"https:\/\/viajesanitadubai.com\/es\/wp-json\/wp\/v2\/media?parent=572"}],"curies":[{"name":"wp","href":"https:\/\/api.w.org\/{rel}","templated":true}]}}